{"id":308,"date":"2024-07-23T07:25:45","date_gmt":"2024-07-23T07:25:45","guid":{"rendered":"https:\/\/exciting-elbakyan.137-74-93-36.plesk.page\/?page_id=308"},"modified":"2026-03-27T12:10:04","modified_gmt":"2026-03-27T12:10:04","slug":"proyectos-finalizados","status":"publish","type":"page","link":"https:\/\/exciting-elbakyan.137-74-93-36.plesk.page\/index.php\/proyectos-finalizados\/","title":{"rendered":"Proyectos finalizados"},"content":{"rendered":"\t\t<div data-elementor-type=\"wp-page\" data-elementor-id=\"308\" class=\"elementor elementor-308\" data-elementor-settings=\"{&quot;ha_cmc_init_switcher&quot;:&quot;no&quot;}\" data-elementor-post-type=\"page\">\n\t\t\t\t<div class=\"elementor-element elementor-element-746c15d e-flex e-con-boxed e-con e-parent\" data-id=\"746c15d\" data-element_type=\"container\" data-e-type=\"container\" data-settings=\"{&quot;_ha_eqh_enable&quot;:false}\">\n\t\t\t\t\t<div class=\"e-con-inner\">\n\t\t<div class=\"elementor-element elementor-element-cee0e7a e-con-full e-flex e-con e-child\" data-id=\"cee0e7a\" data-element_type=\"container\" data-e-type=\"container\" data-settings=\"{&quot;_ha_eqh_enable&quot;:false}\">\n\t\t\t\t<div class=\"elementor-element elementor-element-3da90f5 elementor-widget__width-initial elementor-absolute elementor-hidden-mobile ha-has-bg-overlay elementor-widget elementor-widget-spacer\" data-id=\"3da90f5\" data-element_type=\"widget\" data-e-type=\"widget\" data-settings=\"{&quot;_position&quot;:&quot;absolute&quot;}\" data-widget_type=\"spacer.default\">\n\t\t\t\t<div class=\"elementor-widget-container\">\n\t\t\t\t\t\t\t<div class=\"elementor-spacer\">\n\t\t\t<div class=\"elementor-spacer-inner\"><\/div>\n\t\t<\/div>\n\t\t\t\t\t\t<\/div>\n\t\t\t\t<\/div>\n\t\t\t\t<div class=\"elementor-element elementor-element-8795dee elementor-widget elementor-widget-heading\" data-id=\"8795dee\" data-element_type=\"widget\" data-e-type=\"widget\" data-widget_type=\"heading.default\">\n\t\t\t\t<div class=\"elementor-widget-container\">\n\t\t\t\t\t<h3 class=\"elementor-heading-title elementor-size-default\">PROYECTOS DE INVESTIGACI\u00d3N QUE APOYAMOS<\/h3>\t\t\t\t<\/div>\n\t\t\t\t<\/div>\n\t\t\t\t<div class=\"elementor-element elementor-element-06fd237 elementor-widget elementor-widget-heading\" data-id=\"06fd237\" data-element_type=\"widget\" data-e-type=\"widget\" data-widget_type=\"heading.default\">\n\t\t\t\t<div class=\"elementor-widget-container\">\n\t\t\t\t\t<h1 class=\"elementor-heading-title elementor-size-default\">Proyectos finalizados<\/h1>\t\t\t\t<\/div>\n\t\t\t\t<\/div>\n\t\t\t\t<\/div>\n\t\t\t\t\t<\/div>\n\t\t\t\t<\/div>\n\t\t<div class=\"elementor-element elementor-element-d076bbd e-flex e-con-boxed e-con e-parent\" data-id=\"d076bbd\" data-element_type=\"container\" data-e-type=\"container\" data-settings=\"{&quot;_ha_eqh_enable&quot;:false}\">\n\t\t\t\t\t<div class=\"e-con-inner\">\n\t\t\t\t<div class=\"elementor-element elementor-element-7e15cb0 elementor-grid-5 elementor-posts--align-left elementor-grid-tablet-2 elementor-grid-mobile-1 elementor-posts--thumbnail-top elementor-card-shadow-yes elementor-posts__hover-gradient elementor-widget elementor-widget-posts\" data-id=\"7e15cb0\" data-element_type=\"widget\" data-e-type=\"widget\" data-settings=\"{&quot;cards_columns&quot;:&quot;5&quot;,&quot;cards_row_gap&quot;:{&quot;unit&quot;:&quot;px&quot;,&quot;size&quot;:26,&quot;sizes&quot;:[]},&quot;cards_columns_tablet&quot;:&quot;2&quot;,&quot;cards_columns_mobile&quot;:&quot;1&quot;,&quot;cards_row_gap_tablet&quot;:{&quot;unit&quot;:&quot;px&quot;,&quot;size&quot;:&quot;&quot;,&quot;sizes&quot;:[]},&quot;cards_row_gap_mobile&quot;:{&quot;unit&quot;:&quot;px&quot;,&quot;size&quot;:&quot;&quot;,&quot;sizes&quot;:[]}}\" data-widget_type=\"posts.cards\">\n\t\t\t\t<div class=\"elementor-widget-container\">\n\t\t\t\t\t\t\t<div class=\"elementor-posts-container elementor-posts elementor-posts--skin-cards elementor-grid\" role=\"list\">\n\t\t\t\t<article class=\"elementor-post elementor-grid-item post-333 post type-post status-publish format-standard has-post-thumbnail hentry category-proyectos-finalizados tag-terapia-genica\" role=\"listitem\">\n\t\t\t<div class=\"elementor-post__card\">\n\t\t\t\t<a class=\"elementor-post__thumbnail__link\" href=\"https:\/\/exciting-elbakyan.137-74-93-36.plesk.page\/index.php\/2024\/07\/23\/universidad-de-granada-2019-2024\/\" tabindex=\"-1\" ><div class=\"elementor-post__thumbnail\"><img fetchpriority=\"high\" decoding=\"async\" width=\"300\" height=\"242\" src=\"https:\/\/exciting-elbakyan.137-74-93-36.plesk.page\/wp-content\/uploads\/2024\/07\/Ignacio-Molina-y-Jose-Luis-Garcia-Perez-300x242.jpg\" class=\"attachment-medium size-medium wp-image-1582\" alt=\"\" srcset=\"https:\/\/exciting-elbakyan.137-74-93-36.plesk.page\/wp-content\/uploads\/2024\/07\/Ignacio-Molina-y-Jose-Luis-Garcia-Perez-300x242.jpg 300w, https:\/\/exciting-elbakyan.137-74-93-36.plesk.page\/wp-content\/uploads\/2024\/07\/Ignacio-Molina-y-Jose-Luis-Garcia-Perez.jpg 495w\" sizes=\"(max-width: 300px) 100vw, 300px\" \/><\/div><\/a>\n\t\t\t\t<div class=\"elementor-post__text\">\n\t\t\t\t<h3 class=\"elementor-post__title\">\n\t\t\t<a href=\"https:\/\/exciting-elbakyan.137-74-93-36.plesk.page\/index.php\/2024\/07\/23\/universidad-de-granada-2019-2024\/\" >\n\t\t\t\tUniversidad de Granada 2019-2024\t\t\t<\/a>\n\t\t<\/h3>\n\t\t\n\t\t<a class=\"elementor-post__read-more\" href=\"https:\/\/exciting-elbakyan.137-74-93-36.plesk.page\/index.php\/2024\/07\/23\/universidad-de-granada-2019-2024\/\" aria-label=\"M\u00e1s informaci\u00f3n sobre Universidad de Granada 2019-2024\" tabindex=\"-1\" >\n\t\t\tLeer m\u00e1s \u00bb\t\t<\/a>\n\n\t\t\t\t<\/div>\n\t\t\t\t\t<\/div>\n\t\t<\/article>\n\t\t\t\t<article class=\"elementor-post elementor-grid-item post-344 post type-post status-publish format-standard has-post-thumbnail hentry category-proyectos-finalizados tag-neurodegeneracion\" role=\"listitem\">\n\t\t\t<div class=\"elementor-post__card\">\n\t\t\t\t<a class=\"elementor-post__thumbnail__link\" href=\"https:\/\/exciting-elbakyan.137-74-93-36.plesk.page\/index.php\/2024\/07\/23\/universidad-de-texas-eeuu-2022-2023\/\" tabindex=\"-1\" ><div class=\"elementor-post__thumbnail\"><img decoding=\"async\" width=\"214\" height=\"300\" src=\"https:\/\/exciting-elbakyan.137-74-93-36.plesk.page\/wp-content\/uploads\/2024\/07\/Tanya_Paull_headshot-214x300.jpg\" class=\"attachment-medium size-medium wp-image-279\" alt=\"\" srcset=\"https:\/\/exciting-elbakyan.137-74-93-36.plesk.page\/wp-content\/uploads\/2024\/07\/Tanya_Paull_headshot-214x300.jpg 214w, https:\/\/exciting-elbakyan.137-74-93-36.plesk.page\/wp-content\/uploads\/2024\/07\/Tanya_Paull_headshot.jpg 350w\" sizes=\"(max-width: 214px) 100vw, 214px\" \/><\/div><\/a>\n\t\t\t\t<div class=\"elementor-post__text\">\n\t\t\t\t<h3 class=\"elementor-post__title\">\n\t\t\t<a href=\"https:\/\/exciting-elbakyan.137-74-93-36.plesk.page\/index.php\/2024\/07\/23\/universidad-de-texas-eeuu-2022-2023\/\" >\n\t\t\t\tUniversidad de Texas (EEUU) 2022-2023\t\t\t<\/a>\n\t\t<\/h3>\n\t\t\n\t\t<a class=\"elementor-post__read-more\" href=\"https:\/\/exciting-elbakyan.137-74-93-36.plesk.page\/index.php\/2024\/07\/23\/universidad-de-texas-eeuu-2022-2023\/\" aria-label=\"M\u00e1s informaci\u00f3n sobre Universidad de Texas (EEUU) 2022-2023\" tabindex=\"-1\" >\n\t\t\tLeer m\u00e1s \u00bb\t\t<\/a>\n\n\t\t\t\t<\/div>\n\t\t\t\t\t<\/div>\n\t\t<\/article>\n\t\t\t\t<article class=\"elementor-post elementor-grid-item post-372 post type-post status-publish format-standard has-post-thumbnail hentry category-proyectos-finalizados tag-autotrasplante-inmunodeficiencia\" role=\"listitem\">\n\t\t\t<div class=\"elementor-post__card\">\n\t\t\t\t<a class=\"elementor-post__thumbnail__link\" href=\"https:\/\/exciting-elbakyan.137-74-93-36.plesk.page\/index.php\/2024\/07\/23\/primer-proyecto-de-investigacion-lanzado-por-aefat-clinica-universidad-de-navarra-2018-2021\/\" tabindex=\"-1\" ><div class=\"elementor-post__thumbnail\"><img decoding=\"async\" width=\"300\" height=\"200\" src=\"https:\/\/exciting-elbakyan.137-74-93-36.plesk.page\/wp-content\/uploads\/2024\/07\/Aefat-con-Clinica-Universidad-de-Navarra-Saez-Villen-y-Prosper-300x200.jpg\" class=\"attachment-medium size-medium wp-image-1630\" alt=\"\" srcset=\"https:\/\/exciting-elbakyan.137-74-93-36.plesk.page\/wp-content\/uploads\/2024\/07\/Aefat-con-Clinica-Universidad-de-Navarra-Saez-Villen-y-Prosper-300x200.jpg 300w, https:\/\/exciting-elbakyan.137-74-93-36.plesk.page\/wp-content\/uploads\/2024\/07\/Aefat-con-Clinica-Universidad-de-Navarra-Saez-Villen-y-Prosper-1024x683.jpg 1024w, https:\/\/exciting-elbakyan.137-74-93-36.plesk.page\/wp-content\/uploads\/2024\/07\/Aefat-con-Clinica-Universidad-de-Navarra-Saez-Villen-y-Prosper-768x512.jpg 768w, https:\/\/exciting-elbakyan.137-74-93-36.plesk.page\/wp-content\/uploads\/2024\/07\/Aefat-con-Clinica-Universidad-de-Navarra-Saez-Villen-y-Prosper-1536x1024.jpg 1536w, https:\/\/exciting-elbakyan.137-74-93-36.plesk.page\/wp-content\/uploads\/2024\/07\/Aefat-con-Clinica-Universidad-de-Navarra-Saez-Villen-y-Prosper-2048x1365.jpg 2048w\" sizes=\"(max-width: 300px) 100vw, 300px\" \/><\/div><\/a>\n\t\t\t\t<div class=\"elementor-post__text\">\n\t\t\t\t<h3 class=\"elementor-post__title\">\n\t\t\t<a href=\"https:\/\/exciting-elbakyan.137-74-93-36.plesk.page\/index.php\/2024\/07\/23\/primer-proyecto-de-investigacion-lanzado-por-aefat-clinica-universidad-de-navarra-2018-2021\/\" >\n\t\t\t\tPrimer proyecto de investigaci\u00f3n lanzado por Aefat: Cl\u00ednica Universidad de Navarra (2018-2021)\t\t\t<\/a>\n\t\t<\/h3>\n\t\t\n\t\t<a class=\"elementor-post__read-more\" href=\"https:\/\/exciting-elbakyan.137-74-93-36.plesk.page\/index.php\/2024\/07\/23\/primer-proyecto-de-investigacion-lanzado-por-aefat-clinica-universidad-de-navarra-2018-2021\/\" aria-label=\"M\u00e1s informaci\u00f3n sobre Primer proyecto de investigaci\u00f3n lanzado por Aefat: Cl\u00ednica Universidad de Navarra (2018-2021)\" tabindex=\"-1\" >\n\t\t\tLeer m\u00e1s \u00bb\t\t<\/a>\n\n\t\t\t\t<\/div>\n\t\t\t\t\t<\/div>\n\t\t<\/article>\n\t\t\t\t<article class=\"elementor-post elementor-grid-item post-377 post type-post status-publish format-standard has-post-thumbnail hentry category-proyectos-finalizados tag-roturas-adn\" role=\"listitem\">\n\t\t\t<div class=\"elementor-post__card\">\n\t\t\t\t<a class=\"elementor-post__thumbnail__link\" href=\"https:\/\/exciting-elbakyan.137-74-93-36.plesk.page\/index.php\/2024\/07\/23\/primera-beca-de-aefat-cabimer-2015-2018\/\" tabindex=\"-1\" ><div class=\"elementor-post__thumbnail\"><img loading=\"lazy\" decoding=\"async\" width=\"300\" height=\"225\" src=\"https:\/\/exciting-elbakyan.137-74-93-36.plesk.page\/wp-content\/uploads\/2024\/07\/Felipe-Cortes-y-Almudena-Serrano-Aefat-300x225.jpg\" class=\"attachment-medium size-medium wp-image-1631\" alt=\"\" srcset=\"https:\/\/exciting-elbakyan.137-74-93-36.plesk.page\/wp-content\/uploads\/2024\/07\/Felipe-Cortes-y-Almudena-Serrano-Aefat-300x225.jpg 300w, https:\/\/exciting-elbakyan.137-74-93-36.plesk.page\/wp-content\/uploads\/2024\/07\/Felipe-Cortes-y-Almudena-Serrano-Aefat.jpg 400w\" sizes=\"(max-width: 300px) 100vw, 300px\" \/><\/div><\/a>\n\t\t\t\t<div class=\"elementor-post__text\">\n\t\t\t\t<h3 class=\"elementor-post__title\">\n\t\t\t<a href=\"https:\/\/exciting-elbakyan.137-74-93-36.plesk.page\/index.php\/2024\/07\/23\/primera-beca-de-aefat-cabimer-2015-2018\/\" >\n\t\t\t\tPrimera Beca de Aefat: CABIMER (2015-2018)\t\t\t<\/a>\n\t\t<\/h3>\n\t\t\n\t\t<a class=\"elementor-post__read-more\" href=\"https:\/\/exciting-elbakyan.137-74-93-36.plesk.page\/index.php\/2024\/07\/23\/primera-beca-de-aefat-cabimer-2015-2018\/\" aria-label=\"M\u00e1s informaci\u00f3n sobre Primera Beca de Aefat: CABIMER (2015-2018)\" tabindex=\"-1\" >\n\t\t\tLeer m\u00e1s \u00bb\t\t<\/a>\n\n\t\t\t\t<\/div>\n\t\t\t\t\t<\/div>\n\t\t<\/article>\n\t\t\t\t<\/div>\n\t\t\n\t\t\t\t\t\t<\/div>\n\t\t\t\t<\/div>\n\t\t\t\t\t<\/div>\n\t\t\t\t<\/div>\n\t\t\t\t<\/div>\n\t\t","protected":false},"excerpt":{"rendered":"<p>PROYECTOS DE INVESTIGACI\u00d3N QUE APOYAMOS Proyectos finalizados<\/p>\n","protected":false},"author":1,"featured_media":0,"parent":0,"menu_order":0,"comment_status":"closed","ping_status":"closed","template":"elementor_header_footer","meta":{"_acf_changed":false,"footnotes":""},"class_list":["post-308","page","type-page","status-publish","hentry"],"acf":[],"yoast_head":"<!-- This site is optimized with the Yoast SEO plugin v27.2 - https:\/\/yoast.com\/product\/yoast-seo-wordpress\/ -->\n<title>Proyectos finalizados - Aefat<\/title>\n<meta name=\"description\" content=\"Estos proyectos van destinados en su mayor\u00eda a conocer mejor la biolog\u00eda de la enfermedad y desarrollar tratamientos que conduzcan a una mejora de la calidad de vida de los afectados\" \/>\n<meta name=\"robots\" content=\"noindex, follow, max-snippet:-1, max-image-preview:large, max-video-preview:-1\" \/>\n<meta property=\"og:locale\" content=\"es_ES\" \/>\n<meta property=\"og:type\" content=\"article\" \/>\n<meta property=\"og:title\" content=\"Proyectos finalizados - Aefat\" \/>\n<meta property=\"og:description\" content=\"Estos proyectos van destinados en su mayor\u00eda a conocer mejor la biolog\u00eda de la enfermedad y desarrollar tratamientos que conduzcan a una mejora de la calidad de vida de los afectados\" \/>\n<meta property=\"og:url\" content=\"https:\/\/exciting-elbakyan.137-74-93-36.plesk.page\/index.php\/proyectos-finalizados\/\" \/>\n<meta property=\"og:site_name\" content=\"Aefat\" \/>\n<meta property=\"article:modified_time\" content=\"2026-03-27T12:10:04+00:00\" \/>\n<meta name=\"twitter:card\" content=\"summary_large_image\" \/>\n<meta name=\"twitter:label1\" content=\"Tiempo de lectura\" \/>\n\t<meta name=\"twitter:data1\" content=\"1 minuto\" \/>\n<script type=\"application\/ld+json\" class=\"yoast-schema-graph\">{\"@context\":\"https:\/\/schema.org\",\"@graph\":[{\"@type\":\"WebPage\",\"@id\":\"https:\/\/exciting-elbakyan.137-74-93-36.plesk.page\/index.php\/proyectos-finalizados\/\",\"url\":\"https:\/\/exciting-elbakyan.137-74-93-36.plesk.page\/index.php\/proyectos-finalizados\/\",\"name\":\"Proyectos finalizados - Aefat\",\"isPartOf\":{\"@id\":\"https:\/\/exciting-elbakyan.137-74-93-36.plesk.page\/#website\"},\"datePublished\":\"2024-07-23T07:25:45+00:00\",\"dateModified\":\"2026-03-27T12:10:04+00:00\",\"description\":\"Estos proyectos van destinados en su mayor\u00eda a conocer mejor la biolog\u00eda de la enfermedad y desarrollar tratamientos que conduzcan a una mejora de la calidad de vida de los afectados\",\"breadcrumb\":{\"@id\":\"https:\/\/exciting-elbakyan.137-74-93-36.plesk.page\/index.php\/proyectos-finalizados\/#breadcrumb\"},\"inLanguage\":\"es\",\"potentialAction\":[{\"@type\":\"ReadAction\",\"target\":[\"https:\/\/exciting-elbakyan.137-74-93-36.plesk.page\/index.php\/proyectos-finalizados\/\"]}]},{\"@type\":\"BreadcrumbList\",\"@id\":\"https:\/\/exciting-elbakyan.137-74-93-36.plesk.page\/index.php\/proyectos-finalizados\/#breadcrumb\",\"itemListElement\":[{\"@type\":\"ListItem\",\"position\":1,\"name\":\"Portada\",\"item\":\"https:\/\/exciting-elbakyan.137-74-93-36.plesk.page\/\"},{\"@type\":\"ListItem\",\"position\":2,\"name\":\"Proyectos finalizados\"}]},{\"@type\":\"WebSite\",\"@id\":\"https:\/\/exciting-elbakyan.137-74-93-36.plesk.page\/#website\",\"url\":\"https:\/\/exciting-elbakyan.137-74-93-36.plesk.page\/\",\"name\":\"Aefat\",\"description\":\"\",\"publisher\":{\"@id\":\"https:\/\/exciting-elbakyan.137-74-93-36.plesk.page\/#organization\"},\"potentialAction\":[{\"@type\":\"SearchAction\",\"target\":{\"@type\":\"EntryPoint\",\"urlTemplate\":\"https:\/\/exciting-elbakyan.137-74-93-36.plesk.page\/?s={search_term_string}\"},\"query-input\":{\"@type\":\"PropertyValueSpecification\",\"valueRequired\":true,\"valueName\":\"search_term_string\"}}],\"inLanguage\":\"es\"},{\"@type\":\"Organization\",\"@id\":\"https:\/\/exciting-elbakyan.137-74-93-36.plesk.page\/#organization\",\"name\":\"Aefat\",\"url\":\"https:\/\/exciting-elbakyan.137-74-93-36.plesk.page\/\",\"logo\":{\"@type\":\"ImageObject\",\"inLanguage\":\"es\",\"@id\":\"https:\/\/exciting-elbakyan.137-74-93-36.plesk.page\/#\/schema\/logo\/image\/\",\"url\":\"https:\/\/exciting-elbakyan.137-74-93-36.plesk.page\/wp-content\/uploads\/2024\/07\/aefat_logo_50.jpg\",\"contentUrl\":\"https:\/\/exciting-elbakyan.137-74-93-36.plesk.page\/wp-content\/uploads\/2024\/07\/aefat_logo_50.jpg\",\"width\":149,\"height\":50,\"caption\":\"Aefat\"},\"image\":{\"@id\":\"https:\/\/exciting-elbakyan.137-74-93-36.plesk.page\/#\/schema\/logo\/image\/\"}}]}<\/script>\n<!-- \/ Yoast SEO plugin. -->","yoast_head_json":{"title":"Proyectos finalizados - Aefat","description":"Estos proyectos van destinados en su mayor\u00eda a conocer mejor la biolog\u00eda de la enfermedad y desarrollar tratamientos que conduzcan a una mejora de la calidad de vida de los afectados","robots":{"index":"noindex","follow":"follow","max-snippet":"max-snippet:-1","max-image-preview":"max-image-preview:large","max-video-preview":"max-video-preview:-1"},"og_locale":"es_ES","og_type":"article","og_title":"Proyectos finalizados - Aefat","og_description":"Estos proyectos van destinados en su mayor\u00eda a conocer mejor la biolog\u00eda de la enfermedad y desarrollar tratamientos que conduzcan a una mejora de la calidad de vida de los afectados","og_url":"https:\/\/exciting-elbakyan.137-74-93-36.plesk.page\/index.php\/proyectos-finalizados\/","og_site_name":"Aefat","article_modified_time":"2026-03-27T12:10:04+00:00","twitter_card":"summary_large_image","twitter_misc":{"Tiempo de lectura":"1 minuto"},"schema":{"@context":"https:\/\/schema.org","@graph":[{"@type":"WebPage","@id":"https:\/\/exciting-elbakyan.137-74-93-36.plesk.page\/index.php\/proyectos-finalizados\/","url":"https:\/\/exciting-elbakyan.137-74-93-36.plesk.page\/index.php\/proyectos-finalizados\/","name":"Proyectos finalizados - Aefat","isPartOf":{"@id":"https:\/\/exciting-elbakyan.137-74-93-36.plesk.page\/#website"},"datePublished":"2024-07-23T07:25:45+00:00","dateModified":"2026-03-27T12:10:04+00:00","description":"Estos proyectos van destinados en su mayor\u00eda a conocer mejor la biolog\u00eda de la enfermedad y desarrollar tratamientos que conduzcan a una mejora de la calidad de vida de los afectados","breadcrumb":{"@id":"https:\/\/exciting-elbakyan.137-74-93-36.plesk.page\/index.php\/proyectos-finalizados\/#breadcrumb"},"inLanguage":"es","potentialAction":[{"@type":"ReadAction","target":["https:\/\/exciting-elbakyan.137-74-93-36.plesk.page\/index.php\/proyectos-finalizados\/"]}]},{"@type":"BreadcrumbList","@id":"https:\/\/exciting-elbakyan.137-74-93-36.plesk.page\/index.php\/proyectos-finalizados\/#breadcrumb","itemListElement":[{"@type":"ListItem","position":1,"name":"Portada","item":"https:\/\/exciting-elbakyan.137-74-93-36.plesk.page\/"},{"@type":"ListItem","position":2,"name":"Proyectos finalizados"}]},{"@type":"WebSite","@id":"https:\/\/exciting-elbakyan.137-74-93-36.plesk.page\/#website","url":"https:\/\/exciting-elbakyan.137-74-93-36.plesk.page\/","name":"Aefat","description":"","publisher":{"@id":"https:\/\/exciting-elbakyan.137-74-93-36.plesk.page\/#organization"},"potentialAction":[{"@type":"SearchAction","target":{"@type":"EntryPoint","urlTemplate":"https:\/\/exciting-elbakyan.137-74-93-36.plesk.page\/?s={search_term_string}"},"query-input":{"@type":"PropertyValueSpecification","valueRequired":true,"valueName":"search_term_string"}}],"inLanguage":"es"},{"@type":"Organization","@id":"https:\/\/exciting-elbakyan.137-74-93-36.plesk.page\/#organization","name":"Aefat","url":"https:\/\/exciting-elbakyan.137-74-93-36.plesk.page\/","logo":{"@type":"ImageObject","inLanguage":"es","@id":"https:\/\/exciting-elbakyan.137-74-93-36.plesk.page\/#\/schema\/logo\/image\/","url":"https:\/\/exciting-elbakyan.137-74-93-36.plesk.page\/wp-content\/uploads\/2024\/07\/aefat_logo_50.jpg","contentUrl":"https:\/\/exciting-elbakyan.137-74-93-36.plesk.page\/wp-content\/uploads\/2024\/07\/aefat_logo_50.jpg","width":149,"height":50,"caption":"Aefat"},"image":{"@id":"https:\/\/exciting-elbakyan.137-74-93-36.plesk.page\/#\/schema\/logo\/image\/"}}]}},"_links":{"self":[{"href":"https:\/\/exciting-elbakyan.137-74-93-36.plesk.page\/index.php\/wp-json\/wp\/v2\/pages\/308","targetHints":{"allow":["GET"]}}],"collection":[{"href":"https:\/\/exciting-elbakyan.137-74-93-36.plesk.page\/index.php\/wp-json\/wp\/v2\/pages"}],"about":[{"href":"https:\/\/exciting-elbakyan.137-74-93-36.plesk.page\/index.php\/wp-json\/wp\/v2\/types\/page"}],"author":[{"embeddable":true,"href":"https:\/\/exciting-elbakyan.137-74-93-36.plesk.page\/index.php\/wp-json\/wp\/v2\/users\/1"}],"replies":[{"embeddable":true,"href":"https:\/\/exciting-elbakyan.137-74-93-36.plesk.page\/index.php\/wp-json\/wp\/v2\/comments?post=308"}],"version-history":[{"count":88,"href":"https:\/\/exciting-elbakyan.137-74-93-36.plesk.page\/index.php\/wp-json\/wp\/v2\/pages\/308\/revisions"}],"predecessor-version":[{"id":5926,"href":"https:\/\/exciting-elbakyan.137-74-93-36.plesk.page\/index.php\/wp-json\/wp\/v2\/pages\/308\/revisions\/5926"}],"wp:attachment":[{"href":"https:\/\/exciting-elbakyan.137-74-93-36.plesk.page\/index.php\/wp-json\/wp\/v2\/media?parent=308"}],"curies":[{"name":"wp","href":"https:\/\/api.w.org\/{rel}","templated":true}]}}