{"id":3590,"date":"2025-11-03T13:03:18","date_gmt":"2025-11-03T13:03:18","guid":{"rendered":"https:\/\/exciting-elbakyan.137-74-93-36.plesk.page\/?page_id=3590"},"modified":"2026-03-27T12:18:16","modified_gmt":"2026-03-27T12:18:16","slug":"terminos-de-uso","status":"publish","type":"page","link":"https:\/\/exciting-elbakyan.137-74-93-36.plesk.page\/index.php\/terminos-de-uso\/","title":{"rendered":"T\u00e9rminos de Uso"},"content":{"rendered":"\t\t<div data-elementor-type=\"wp-page\" data-elementor-id=\"3590\" class=\"elementor elementor-3590\" data-elementor-settings=\"{&quot;ha_cmc_init_switcher&quot;:&quot;no&quot;}\" data-elementor-post-type=\"page\">\n\t\t\t\t<div class=\"elementor-element elementor-element-160950a5 e-flex e-con-boxed e-con e-parent\" data-id=\"160950a5\" data-element_type=\"container\" data-e-type=\"container\" data-settings=\"{&quot;_ha_eqh_enable&quot;:false}\">\n\t\t\t\t\t<div class=\"e-con-inner\">\n\t\t<div class=\"elementor-element elementor-element-eae1ffc e-con-full e-flex e-con e-child\" data-id=\"eae1ffc\" data-element_type=\"container\" data-e-type=\"container\" data-settings=\"{&quot;_ha_eqh_enable&quot;:false}\">\n\t\t\t\t<div class=\"elementor-element elementor-element-c03ce5b elementor-widget__width-initial elementor-absolute elementor-hidden-tablet elementor-hidden-mobile ha-has-bg-overlay elementor-widget elementor-widget-spacer\" data-id=\"c03ce5b\" data-element_type=\"widget\" data-e-type=\"widget\" data-settings=\"{&quot;_position&quot;:&quot;absolute&quot;}\" data-widget_type=\"spacer.default\">\n\t\t\t\t<div class=\"elementor-widget-container\">\n\t\t\t\t\t\t\t<div class=\"elementor-spacer\">\n\t\t\t<div class=\"elementor-spacer-inner\"><\/div>\n\t\t<\/div>\n\t\t\t\t\t\t<\/div>\n\t\t\t\t<\/div>\n\t\t\t\t<div class=\"elementor-element elementor-element-461f485 elementor-widget elementor-widget-heading\" data-id=\"461f485\" data-element_type=\"widget\" data-e-type=\"widget\" data-widget_type=\"heading.default\">\n\t\t\t\t<div class=\"elementor-widget-container\">\n\t\t\t\t\t<h1 class=\"elementor-heading-title elementor-size-default\">T\u00e9rminos de Uso<\/h1>\t\t\t\t<\/div>\n\t\t\t\t<\/div>\n\t\t<div class=\"elementor-element elementor-element-1efebbe e-con-full e-flex e-con e-child\" data-id=\"1efebbe\" data-element_type=\"container\" data-e-type=\"container\" data-settings=\"{&quot;_ha_eqh_enable&quot;:false}\">\n\t\t\t\t<div class=\"elementor-element elementor-element-0926e21 elementor-widget elementor-widget-text-editor\" data-id=\"0926e21\" data-element_type=\"widget\" data-e-type=\"widget\" data-widget_type=\"text-editor.default\">\n\t\t\t\t<div class=\"elementor-widget-container\">\n\t\t\t\t\t\t\t\t\t<div><p><strong>2. USUARIOS:<\/strong>\u00a0El acceso y\/o uso de este portal de\u00a0<strong>AEFAT<\/strong>\u00a0atribuye la condici\u00f3n de\u00a0<strong>USUARIO<\/strong>, que acepta, desde dicho acceso y\/o uso, las Condiciones Generales de Uso aqu\u00ed reflejadas. Las citadas Condiciones ser\u00e1n de aplicaci\u00f3n independientemente de las Condiciones Generales de Contrataci\u00f3n que en su caso resulten de obligado cumplimiento.<\/p><p><strong>3. USO DEL PORTAL:<\/strong>\u00a0aefat.es proporciona el acceso a multitud de informaciones, servicios, programas o datos (en adelante, \u00ablos contenidos\u00bb) en Internet pertenecientes a\u00a0<strong>AEFAT<\/strong>\u00a0o a sus licenciantes a los que el\u00a0<strong>USUARIO<\/strong>\u00a0pueda tener acceso. El\u00a0<strong>USUARIO<\/strong>\u00a0asume la responsabilidad del uso del portal. Dicha responsabilidad se extiende al registro que fuese necesario para acceder a determinados servicios o contenidos. En dicho registro el\u00a0<strong>USUARIO<\/strong>\u00a0ser\u00e1 responsable de aportar informaci\u00f3n veraz y l\u00edcita. Como consecuencia de este registro, al\u00a0<strong>USUARIO<\/strong>\u00a0se le puede proporcionar una contrase\u00f1a de la que ser\u00e1 responsable, comprometi\u00e9ndose a hacer un uso diligente y confidencial de la misma. El\u00a0<strong>USUARIO<\/strong>\u00a0se compromete a hacer un uso adecuado de los contenidos y servicios (como por ejemplo servicios de chat, foros de discusi\u00f3n o grupos de noticias) que\u00a0<strong>AEFAT<\/strong>\u00a0ofrece a trav\u00e9s de su portal y con car\u00e1cter enunciativo pero no limitativo, a no emplearlos para<\/p><p>(i) incurrir en actividades il\u00edcitas, ilegales o contrarias a la buena fe y al orden p\u00fablico;<\/p><p>(ii) difundir contenidos o propaganda de car\u00e1cter racista, xen\u00f3fobo, pornogr\u00e1fico-ilegal, de apolog\u00eda del terrorismo o atentatorio contra los derechos humanos;<\/p><p>(iii) provocar da\u00f1os en los sistemas f\u00edsicos y l\u00f3gicos de\u00a0<strong>AEFAT<\/strong>\u00a0, de sus proveedores o de terceras personas, introducir o difundir en la red virus inform\u00e1ticos o cualesquiera otros sistemas f\u00edsicos o l\u00f3gicos que sean susceptibles de provocar los da\u00f1os anteriormente mencionados;<\/p><p>(iv) intentar acceder y, en su caso, utilizar las cuentas de correo electr\u00f3nico de otros usuarios y modificar o manipular sus mensajes.\u00a0<strong>AEFAT<\/strong>\u00a0se reserva el derecho de retirar todos aquellos comentarios y aportaciones que vulneren el respeto a la dignidad de la persona, que sean discriminatorios, xen\u00f3fobos, racistas, pornogr\u00e1ficos, que atenten contra la juventud o la infancia, el orden o la seguridad p\u00fablica o que, a su juicio, no resultaran adecuados para su publicaci\u00f3n.<\/p><p>En cualquier caso,\u00a0<strong>AEFAT<\/strong> no ser\u00e1 responsable de las opiniones vertidas por los usuarios a trav\u00e9s de los foros, chats, u otras herramientas de participaci\u00f3n.<\/p><\/div>\t\t\t\t\t\t\t\t<\/div>\n\t\t\t\t<\/div>\n\t\t\t\t<\/div>\n\t\t\t\t<\/div>\n\t\t\t\t\t<\/div>\n\t\t\t\t<\/div>\n\t\t\t\t<\/div>\n\t\t","protected":false},"excerpt":{"rendered":"<p>2. USUARIOS:\u00a0El acceso y\/o uso de este portal de\u00a0AEFAT\u00a0atribuye la condici\u00f3n de\u00a0USUARIO, que acepta, desde dicho acceso y\/o uso, las Condiciones Generales de Uso aqu\u00ed reflejadas. Las citadas Condiciones ser\u00e1n de aplicaci\u00f3n independientemente de las Condiciones Generales de Contrataci\u00f3n que en su caso resulten de obligado cumplimiento. 3. USO DEL PORTAL:\u00a0aefat.es proporciona el acceso a [&hellip;]<\/p>\n","protected":false},"author":1,"featured_media":0,"parent":0,"menu_order":0,"comment_status":"closed","ping_status":"closed","template":"","meta":{"_acf_changed":false,"footnotes":""},"class_list":["post-3590","page","type-page","status-publish","hentry"],"acf":[],"yoast_head":"<!-- This site is optimized with the Yoast SEO plugin v27.2 - https:\/\/yoast.com\/product\/yoast-seo-wordpress\/ -->\n<title>T\u00e9rminos de Uso - Aefat<\/title>\n<meta name=\"robots\" content=\"noindex, nofollow\" \/>\n<meta property=\"og:locale\" content=\"es_ES\" \/>\n<meta property=\"og:type\" content=\"article\" \/>\n<meta property=\"og:title\" content=\"T\u00e9rminos de Uso - Aefat\" \/>\n<meta property=\"og:description\" content=\"2. USUARIOS:\u00a0El acceso y\/o uso de este portal de\u00a0AEFAT\u00a0atribuye la condici\u00f3n de\u00a0USUARIO, que acepta, desde dicho acceso y\/o uso, las Condiciones Generales de Uso aqu\u00ed reflejadas. Las citadas Condiciones ser\u00e1n de aplicaci\u00f3n independientemente de las Condiciones Generales de Contrataci\u00f3n que en su caso resulten de obligado cumplimiento. 3. USO DEL PORTAL:\u00a0aefat.es proporciona el acceso a [&hellip;]\" \/>\n<meta property=\"og:url\" content=\"https:\/\/exciting-elbakyan.137-74-93-36.plesk.page\/index.php\/terminos-de-uso\/\" \/>\n<meta property=\"og:site_name\" content=\"Aefat\" \/>\n<meta property=\"article:modified_time\" content=\"2026-03-27T12:18:16+00:00\" \/>\n<meta name=\"twitter:card\" content=\"summary_large_image\" \/>\n<meta name=\"twitter:label1\" content=\"Tiempo de lectura\" \/>\n\t<meta name=\"twitter:data1\" content=\"2 minutos\" \/>\n<script type=\"application\/ld+json\" class=\"yoast-schema-graph\">{\"@context\":\"https:\/\/schema.org\",\"@graph\":[{\"@type\":\"WebPage\",\"@id\":\"https:\/\/exciting-elbakyan.137-74-93-36.plesk.page\/index.php\/terminos-de-uso\/\",\"url\":\"https:\/\/exciting-elbakyan.137-74-93-36.plesk.page\/index.php\/terminos-de-uso\/\",\"name\":\"T\u00e9rminos de Uso - Aefat\",\"isPartOf\":{\"@id\":\"https:\/\/exciting-elbakyan.137-74-93-36.plesk.page\/#website\"},\"datePublished\":\"2025-11-03T13:03:18+00:00\",\"dateModified\":\"2026-03-27T12:18:16+00:00\",\"breadcrumb\":{\"@id\":\"https:\/\/exciting-elbakyan.137-74-93-36.plesk.page\/index.php\/terminos-de-uso\/#breadcrumb\"},\"inLanguage\":\"es\",\"potentialAction\":[{\"@type\":\"ReadAction\",\"target\":[\"https:\/\/exciting-elbakyan.137-74-93-36.plesk.page\/index.php\/terminos-de-uso\/\"]}]},{\"@type\":\"BreadcrumbList\",\"@id\":\"https:\/\/exciting-elbakyan.137-74-93-36.plesk.page\/index.php\/terminos-de-uso\/#breadcrumb\",\"itemListElement\":[{\"@type\":\"ListItem\",\"position\":1,\"name\":\"Portada\",\"item\":\"https:\/\/exciting-elbakyan.137-74-93-36.plesk.page\/\"},{\"@type\":\"ListItem\",\"position\":2,\"name\":\"T\u00e9rminos de Uso\"}]},{\"@type\":\"WebSite\",\"@id\":\"https:\/\/exciting-elbakyan.137-74-93-36.plesk.page\/#website\",\"url\":\"https:\/\/exciting-elbakyan.137-74-93-36.plesk.page\/\",\"name\":\"Aefat\",\"description\":\"\",\"publisher\":{\"@id\":\"https:\/\/exciting-elbakyan.137-74-93-36.plesk.page\/#organization\"},\"potentialAction\":[{\"@type\":\"SearchAction\",\"target\":{\"@type\":\"EntryPoint\",\"urlTemplate\":\"https:\/\/exciting-elbakyan.137-74-93-36.plesk.page\/?s={search_term_string}\"},\"query-input\":{\"@type\":\"PropertyValueSpecification\",\"valueRequired\":true,\"valueName\":\"search_term_string\"}}],\"inLanguage\":\"es\"},{\"@type\":\"Organization\",\"@id\":\"https:\/\/exciting-elbakyan.137-74-93-36.plesk.page\/#organization\",\"name\":\"Aefat\",\"url\":\"https:\/\/exciting-elbakyan.137-74-93-36.plesk.page\/\",\"logo\":{\"@type\":\"ImageObject\",\"inLanguage\":\"es\",\"@id\":\"https:\/\/exciting-elbakyan.137-74-93-36.plesk.page\/#\/schema\/logo\/image\/\",\"url\":\"https:\/\/exciting-elbakyan.137-74-93-36.plesk.page\/wp-content\/uploads\/2024\/07\/aefat_logo_50.jpg\",\"contentUrl\":\"https:\/\/exciting-elbakyan.137-74-93-36.plesk.page\/wp-content\/uploads\/2024\/07\/aefat_logo_50.jpg\",\"width\":149,\"height\":50,\"caption\":\"Aefat\"},\"image\":{\"@id\":\"https:\/\/exciting-elbakyan.137-74-93-36.plesk.page\/#\/schema\/logo\/image\/\"}}]}<\/script>\n<!-- \/ Yoast SEO plugin. -->","yoast_head_json":{"title":"T\u00e9rminos de Uso - Aefat","robots":{"index":"noindex","follow":"nofollow"},"og_locale":"es_ES","og_type":"article","og_title":"T\u00e9rminos de Uso - Aefat","og_description":"2. USUARIOS:\u00a0El acceso y\/o uso de este portal de\u00a0AEFAT\u00a0atribuye la condici\u00f3n de\u00a0USUARIO, que acepta, desde dicho acceso y\/o uso, las Condiciones Generales de Uso aqu\u00ed reflejadas. Las citadas Condiciones ser\u00e1n de aplicaci\u00f3n independientemente de las Condiciones Generales de Contrataci\u00f3n que en su caso resulten de obligado cumplimiento. 3. USO DEL PORTAL:\u00a0aefat.es proporciona el acceso a [&hellip;]","og_url":"https:\/\/exciting-elbakyan.137-74-93-36.plesk.page\/index.php\/terminos-de-uso\/","og_site_name":"Aefat","article_modified_time":"2026-03-27T12:18:16+00:00","twitter_card":"summary_large_image","twitter_misc":{"Tiempo de lectura":"2 minutos"},"schema":{"@context":"https:\/\/schema.org","@graph":[{"@type":"WebPage","@id":"https:\/\/exciting-elbakyan.137-74-93-36.plesk.page\/index.php\/terminos-de-uso\/","url":"https:\/\/exciting-elbakyan.137-74-93-36.plesk.page\/index.php\/terminos-de-uso\/","name":"T\u00e9rminos de Uso - Aefat","isPartOf":{"@id":"https:\/\/exciting-elbakyan.137-74-93-36.plesk.page\/#website"},"datePublished":"2025-11-03T13:03:18+00:00","dateModified":"2026-03-27T12:18:16+00:00","breadcrumb":{"@id":"https:\/\/exciting-elbakyan.137-74-93-36.plesk.page\/index.php\/terminos-de-uso\/#breadcrumb"},"inLanguage":"es","potentialAction":[{"@type":"ReadAction","target":["https:\/\/exciting-elbakyan.137-74-93-36.plesk.page\/index.php\/terminos-de-uso\/"]}]},{"@type":"BreadcrumbList","@id":"https:\/\/exciting-elbakyan.137-74-93-36.plesk.page\/index.php\/terminos-de-uso\/#breadcrumb","itemListElement":[{"@type":"ListItem","position":1,"name":"Portada","item":"https:\/\/exciting-elbakyan.137-74-93-36.plesk.page\/"},{"@type":"ListItem","position":2,"name":"T\u00e9rminos de Uso"}]},{"@type":"WebSite","@id":"https:\/\/exciting-elbakyan.137-74-93-36.plesk.page\/#website","url":"https:\/\/exciting-elbakyan.137-74-93-36.plesk.page\/","name":"Aefat","description":"","publisher":{"@id":"https:\/\/exciting-elbakyan.137-74-93-36.plesk.page\/#organization"},"potentialAction":[{"@type":"SearchAction","target":{"@type":"EntryPoint","urlTemplate":"https:\/\/exciting-elbakyan.137-74-93-36.plesk.page\/?s={search_term_string}"},"query-input":{"@type":"PropertyValueSpecification","valueRequired":true,"valueName":"search_term_string"}}],"inLanguage":"es"},{"@type":"Organization","@id":"https:\/\/exciting-elbakyan.137-74-93-36.plesk.page\/#organization","name":"Aefat","url":"https:\/\/exciting-elbakyan.137-74-93-36.plesk.page\/","logo":{"@type":"ImageObject","inLanguage":"es","@id":"https:\/\/exciting-elbakyan.137-74-93-36.plesk.page\/#\/schema\/logo\/image\/","url":"https:\/\/exciting-elbakyan.137-74-93-36.plesk.page\/wp-content\/uploads\/2024\/07\/aefat_logo_50.jpg","contentUrl":"https:\/\/exciting-elbakyan.137-74-93-36.plesk.page\/wp-content\/uploads\/2024\/07\/aefat_logo_50.jpg","width":149,"height":50,"caption":"Aefat"},"image":{"@id":"https:\/\/exciting-elbakyan.137-74-93-36.plesk.page\/#\/schema\/logo\/image\/"}}]}},"_links":{"self":[{"href":"https:\/\/exciting-elbakyan.137-74-93-36.plesk.page\/index.php\/wp-json\/wp\/v2\/pages\/3590","targetHints":{"allow":["GET"]}}],"collection":[{"href":"https:\/\/exciting-elbakyan.137-74-93-36.plesk.page\/index.php\/wp-json\/wp\/v2\/pages"}],"about":[{"href":"https:\/\/exciting-elbakyan.137-74-93-36.plesk.page\/index.php\/wp-json\/wp\/v2\/types\/page"}],"author":[{"embeddable":true,"href":"https:\/\/exciting-elbakyan.137-74-93-36.plesk.page\/index.php\/wp-json\/wp\/v2\/users\/1"}],"replies":[{"embeddable":true,"href":"https:\/\/exciting-elbakyan.137-74-93-36.plesk.page\/index.php\/wp-json\/wp\/v2\/comments?post=3590"}],"version-history":[{"count":13,"href":"https:\/\/exciting-elbakyan.137-74-93-36.plesk.page\/index.php\/wp-json\/wp\/v2\/pages\/3590\/revisions"}],"predecessor-version":[{"id":6031,"href":"https:\/\/exciting-elbakyan.137-74-93-36.plesk.page\/index.php\/wp-json\/wp\/v2\/pages\/3590\/revisions\/6031"}],"wp:attachment":[{"href":"https:\/\/exciting-elbakyan.137-74-93-36.plesk.page\/index.php\/wp-json\/wp\/v2\/media?parent=3590"}],"curies":[{"name":"wp","href":"https:\/\/api.w.org\/{rel}","templated":true}]}}