{"id":4074,"date":"2025-11-18T10:02:43","date_gmt":"2025-11-18T10:02:43","guid":{"rendered":"https:\/\/exciting-elbakyan.137-74-93-36.plesk.page\/?page_id=4074"},"modified":"2026-03-27T11:58:02","modified_gmt":"2026-03-27T11:58:02","slug":"informes-de-cuentas-y-actividades","status":"publish","type":"page","link":"https:\/\/exciting-elbakyan.137-74-93-36.plesk.page\/index.php\/informes-de-cuentas-y-actividades\/","title":{"rendered":"INFORMES DE CUENTAS Y ACTIVIDADES"},"content":{"rendered":"\t\t<div data-elementor-type=\"wp-page\" data-elementor-id=\"4074\" class=\"elementor elementor-4074\" data-elementor-settings=\"{&quot;ha_cmc_init_switcher&quot;:&quot;no&quot;}\" data-elementor-post-type=\"page\">\n\t\t\t\t<div class=\"elementor-element elementor-element-8893441 e-flex e-con-boxed e-con e-parent\" data-id=\"8893441\" data-element_type=\"container\" data-e-type=\"container\" data-settings=\"{&quot;_ha_eqh_enable&quot;:false}\">\n\t\t\t\t\t<div class=\"e-con-inner\">\n\t\t<div class=\"elementor-element elementor-element-f10c888 e-con-full e-flex e-con e-child\" data-id=\"f10c888\" data-element_type=\"container\" data-e-type=\"container\" data-settings=\"{&quot;_ha_eqh_enable&quot;:false}\">\n\t\t\t\t<div class=\"elementor-element elementor-element-e9c8632 elementor-widget__width-initial elementor-absolute ha-has-bg-overlay elementor-widget elementor-widget-spacer\" data-id=\"e9c8632\" data-element_type=\"widget\" data-e-type=\"widget\" data-settings=\"{&quot;_position&quot;:&quot;absolute&quot;}\" data-widget_type=\"spacer.default\">\n\t\t\t\t<div class=\"elementor-widget-container\">\n\t\t\t\t\t\t\t<div class=\"elementor-spacer\">\n\t\t\t<div class=\"elementor-spacer-inner\"><\/div>\n\t\t<\/div>\n\t\t\t\t\t\t<\/div>\n\t\t\t\t<\/div>\n\t\t\t\t<div class=\"elementor-element elementor-element-068d823 elementor-widget elementor-widget-heading\" data-id=\"068d823\" data-element_type=\"widget\" data-e-type=\"widget\" data-widget_type=\"heading.default\">\n\t\t\t\t<div class=\"elementor-widget-container\">\n\t\t\t\t\t<h3 class=\"elementor-heading-title elementor-size-default\">QUI\u00c9NES SOMOS<\/h3>\t\t\t\t<\/div>\n\t\t\t\t<\/div>\n\t\t\t\t<div class=\"elementor-element elementor-element-3c11bfa elementor-widget elementor-widget-heading\" data-id=\"3c11bfa\" data-element_type=\"widget\" data-e-type=\"widget\" data-widget_type=\"heading.default\">\n\t\t\t\t<div class=\"elementor-widget-container\">\n\t\t\t\t\t<h1 class=\"elementor-heading-title elementor-size-default\">Informes de cuentas y actividades<\/h1>\t\t\t\t<\/div>\n\t\t\t\t<\/div>\n\t\t\t\t<div class=\"elementor-element elementor-element-fa4ea9e elementor-widget elementor-widget-text-editor\" data-id=\"fa4ea9e\" data-element_type=\"widget\" data-e-type=\"widget\" data-widget_type=\"text-editor.default\">\n\t\t\t\t<div class=\"elementor-widget-container\">\n\t\t\t\t\t\t\t\t\t<p><span style=\"font-weight: 400;\">En este apartado puedes consultar nuestra informaci\u00f3n econ\u00f3mica. Haz clic en la secci\u00f3n que te interese y encontrar\u00e1s los documentos relacionados.<\/span><\/p>\t\t\t\t\t\t\t\t<\/div>\n\t\t\t\t<\/div>\n\t\t\t\t<\/div>\n\t\t\t\t\t<\/div>\n\t\t\t\t<\/div>\n\t\t<div class=\"elementor-element elementor-element-81a6083 e-flex e-con-boxed e-con e-parent\" data-id=\"81a6083\" data-element_type=\"container\" data-e-type=\"container\" data-settings=\"{&quot;_ha_eqh_enable&quot;:false}\">\n\t\t\t\t\t<div class=\"e-con-inner\">\n\t\t\t\t<div class=\"elementor-element elementor-element-7677c71 elementor-flip-box--effect-slide elementor-widget__width-initial elementor-flip-box--direction-up elementor-widget elementor-widget-flip-box\" data-id=\"7677c71\" data-element_type=\"widget\" data-e-type=\"widget\" data-widget_type=\"flip-box.default\">\n\t\t\t\t<div class=\"elementor-widget-container\">\n\t\t\t\t\t\t\t<div class=\"elementor-flip-box\" tabindex=\"0\">\n\t\t\t<div class=\"elementor-flip-box__layer elementor-flip-box__front\">\n\t\t\t\t<div class=\"elementor-flip-box__layer__overlay\">\n\t\t\t\t\t<div class=\"elementor-flip-box__layer__inner\">\n\t\t\t\t\t\t\t\t\t\t\t\t\t<div class=\"elementor-icon-wrapper elementor-view-default\">\n\t\t\t\t\t\t\t\t<div class=\"elementor-icon\">\n\t\t\t\t\t\t\t\t\t<i aria-hidden=\"true\" class=\"huge huge-file-euro\"><\/i>\t\t\t\t\t\t\t\t<\/div>\n\t\t\t\t\t\t\t<\/div>\n\t\t\t\t\t\t\n\t\t\t\t\t\t\t\t\t\t\t\t\t<h3 class=\"elementor-flip-box__layer__title\">\n\t\t\t\t\t\t\t\tCuenta de p\u00e9rdidas y ganancias\t\t\t\t\t\t\t<\/h3>\n\t\t\t\t\t\t\n\t\t\t\t\t\t\t\t\t\t\t<\/div>\n\t\t\t\t<\/div>\n\t\t\t<\/div>\n\t\t\t<a class=\"elementor-flip-box__layer elementor-flip-box__back\" href=\"https:\/\/exciting-elbakyan.137-74-93-36.plesk.page\/index.php\/cuenta-de-perdidas-y-ganancias\/\">\n\t\t\t<div class=\"elementor-flip-box__layer__overlay\">\n\t\t\t\t<div class=\"elementor-flip-box__layer__inner\">\n\t\t\t\t\t\n\t\t\t\t\t\n\t\t\t\t\t\t\t\t\t\t\t<span class=\"elementor-flip-box__button elementor-button elementor-size-sm\">\n\t\t\t\t\t\t\tVER M\u00c1S\t\t\t\t\t\t<\/span>\n\t\t\t\t\t\t\t\t<\/div>\n\t\t<\/div>\n\t\t<\/a>\n\t\t<\/div>\n\t\t\t\t\t\t<\/div>\n\t\t\t\t<\/div>\n\t\t\t\t<div class=\"elementor-element elementor-element-02c3877 elementor-flip-box--effect-slide elementor-widget__width-initial elementor-flip-box--direction-up elementor-widget elementor-widget-flip-box\" data-id=\"02c3877\" data-element_type=\"widget\" data-e-type=\"widget\" data-widget_type=\"flip-box.default\">\n\t\t\t\t<div class=\"elementor-widget-container\">\n\t\t\t\t\t\t\t<div class=\"elementor-flip-box\" tabindex=\"0\">\n\t\t\t<div class=\"elementor-flip-box__layer elementor-flip-box__front\">\n\t\t\t\t<div class=\"elementor-flip-box__layer__overlay\">\n\t\t\t\t\t<div class=\"elementor-flip-box__layer__inner\">\n\t\t\t\t\t\t\t\t\t\t\t\t\t<div class=\"elementor-icon-wrapper elementor-view-default\">\n\t\t\t\t\t\t\t\t<div class=\"elementor-icon\">\n\t\t\t\t\t\t\t\t\t<i aria-hidden=\"true\" class=\"huge huge-justice-scale-01\"><\/i>\t\t\t\t\t\t\t\t<\/div>\n\t\t\t\t\t\t\t<\/div>\n\t\t\t\t\t\t\n\t\t\t\t\t\t\t\t\t\t\t\t\t<h3 class=\"elementor-flip-box__layer__title\">\n\t\t\t\t\t\t\t\tBalance de situaci\u00f3n\t\t\t\t\t\t\t<\/h3>\n\t\t\t\t\t\t\n\t\t\t\t\t\t\t\t\t\t\t<\/div>\n\t\t\t\t<\/div>\n\t\t\t<\/div>\n\t\t\t<a class=\"elementor-flip-box__layer elementor-flip-box__back\" href=\"https:\/\/exciting-elbakyan.137-74-93-36.plesk.page\/index.php\/balance-de-situacion\/\">\n\t\t\t<div class=\"elementor-flip-box__layer__overlay\">\n\t\t\t\t<div class=\"elementor-flip-box__layer__inner\">\n\t\t\t\t\t\n\t\t\t\t\t\n\t\t\t\t\t\t\t\t\t\t\t<span class=\"elementor-flip-box__button elementor-button elementor-size-sm\">\n\t\t\t\t\t\t\tVER M\u00c1S\t\t\t\t\t\t<\/span>\n\t\t\t\t\t\t\t\t<\/div>\n\t\t<\/div>\n\t\t<\/a>\n\t\t<\/div>\n\t\t\t\t\t\t<\/div>\n\t\t\t\t<\/div>\n\t\t\t\t<div class=\"elementor-element elementor-element-2585693 elementor-flip-box--effect-slide elementor-widget__width-initial elementor-flip-box--direction-up elementor-widget elementor-widget-flip-box\" data-id=\"2585693\" data-element_type=\"widget\" data-e-type=\"widget\" data-widget_type=\"flip-box.default\">\n\t\t\t\t<div class=\"elementor-widget-container\">\n\t\t\t\t\t\t\t<div class=\"elementor-flip-box\" tabindex=\"0\">\n\t\t\t<div class=\"elementor-flip-box__layer elementor-flip-box__front\">\n\t\t\t\t<div class=\"elementor-flip-box__layer__overlay\">\n\t\t\t\t\t<div class=\"elementor-flip-box__layer__inner\">\n\t\t\t\t\t\t\t\t\t\t\t\t\t<div class=\"elementor-icon-wrapper elementor-view-default\">\n\t\t\t\t\t\t\t\t<div class=\"elementor-icon\">\n\t\t\t\t\t\t\t\t\t<i aria-hidden=\"true\" class=\"huge huge-audit-01\"><\/i>\t\t\t\t\t\t\t\t<\/div>\n\t\t\t\t\t\t\t<\/div>\n\t\t\t\t\t\t\n\t\t\t\t\t\t\t\t\t\t\t\t\t<h3 class=\"elementor-flip-box__layer__title\">\n\t\t\t\t\t\t\t\tMemoria de actividades\t\t\t\t\t\t\t<\/h3>\n\t\t\t\t\t\t\n\t\t\t\t\t\t\t\t\t\t\t<\/div>\n\t\t\t\t<\/div>\n\t\t\t<\/div>\n\t\t\t<a class=\"elementor-flip-box__layer elementor-flip-box__back\" href=\"https:\/\/exciting-elbakyan.137-74-93-36.plesk.page\/index.php\/memoria-de-actividades\/\">\n\t\t\t<div class=\"elementor-flip-box__layer__overlay\">\n\t\t\t\t<div class=\"elementor-flip-box__layer__inner\">\n\t\t\t\t\t\n\t\t\t\t\t\n\t\t\t\t\t\t\t\t\t\t\t<span class=\"elementor-flip-box__button elementor-button elementor-size-sm\">\n\t\t\t\t\t\t\tVER M\u00c1S\t\t\t\t\t\t<\/span>\n\t\t\t\t\t\t\t\t<\/div>\n\t\t<\/div>\n\t\t<\/a>\n\t\t<\/div>\n\t\t\t\t\t\t<\/div>\n\t\t\t\t<\/div>\n\t\t\t\t<div class=\"elementor-element elementor-element-e44be5f elementor-flip-box--effect-slide elementor-widget__width-initial elementor-flip-box--direction-up elementor-widget elementor-widget-flip-box\" data-id=\"e44be5f\" data-element_type=\"widget\" data-e-type=\"widget\" data-widget_type=\"flip-box.default\">\n\t\t\t\t<div class=\"elementor-widget-container\">\n\t\t\t\t\t\t\t<div class=\"elementor-flip-box\" tabindex=\"0\">\n\t\t\t<div class=\"elementor-flip-box__layer elementor-flip-box__front\">\n\t\t\t\t<div class=\"elementor-flip-box__layer__overlay\">\n\t\t\t\t\t<div class=\"elementor-flip-box__layer__inner\">\n\t\t\t\t\t\t\t\t\t\t\t\t\t<div class=\"elementor-icon-wrapper elementor-view-default\">\n\t\t\t\t\t\t\t\t<div class=\"elementor-icon\">\n\t\t\t\t\t\t\t\t\t<i aria-hidden=\"true\" class=\"huge huge-file-attachment\"><\/i>\t\t\t\t\t\t\t\t<\/div>\n\t\t\t\t\t\t\t<\/div>\n\t\t\t\t\t\t\n\t\t\t\t\t\t\t\t\t\t\t\t\t<h3 class=\"elementor-flip-box__layer__title\">\n\t\t\t\t\t\t\t\tMemoria econ\u00f3mica\t\t\t\t\t\t\t<\/h3>\n\t\t\t\t\t\t\n\t\t\t\t\t\t\t\t\t\t\t<\/div>\n\t\t\t\t<\/div>\n\t\t\t<\/div>\n\t\t\t<a class=\"elementor-flip-box__layer elementor-flip-box__back\" href=\"https:\/\/exciting-elbakyan.137-74-93-36.plesk.page\/index.php\/memoria-economica\/\">\n\t\t\t<div class=\"elementor-flip-box__layer__overlay\">\n\t\t\t\t<div class=\"elementor-flip-box__layer__inner\">\n\t\t\t\t\t\n\t\t\t\t\t\n\t\t\t\t\t\t\t\t\t\t\t<span class=\"elementor-flip-box__button elementor-button elementor-size-sm\">\n\t\t\t\t\t\t\tVER M\u00c1S\t\t\t\t\t\t<\/span>\n\t\t\t\t\t\t\t\t<\/div>\n\t\t<\/div>\n\t\t<\/a>\n\t\t<\/div>\n\t\t\t\t\t\t<\/div>\n\t\t\t\t<\/div>\n\t\t\t\t\t<\/div>\n\t\t\t\t<\/div>\n\t\t<div class=\"elementor-element elementor-element-fc89ec8 e-flex e-con-boxed e-con e-parent\" data-id=\"fc89ec8\" data-element_type=\"container\" data-e-type=\"container\" data-settings=\"{&quot;_ha_eqh_enable&quot;:false}\">\n\t\t\t\t\t<div class=\"e-con-inner\">\n\t\t<div class=\"elementor-element elementor-element-ae2b9a6 e-con-full e-flex e-con e-child\" data-id=\"ae2b9a6\" data-element_type=\"container\" data-e-type=\"container\" data-settings=\"{&quot;_ha_eqh_enable&quot;:false}\">\n\t\t\t\t<div class=\"elementor-element elementor-element-fa1d715 elementor-widget elementor-widget-image\" data-id=\"fa1d715\" data-element_type=\"widget\" data-e-type=\"widget\" data-widget_type=\"image.default\">\n\t\t\t\t<div class=\"elementor-widget-container\">\n\t\t\t\t\t\t\t\t\t\t\t\t\t\t\t<img fetchpriority=\"high\" decoding=\"async\" width=\"1600\" height=\"1200\" src=\"https:\/\/exciting-elbakyan.137-74-93-36.plesk.page\/wp-content\/uploads\/2025\/11\/Encuentro-Italia-2024-chicos.jpg\" class=\"attachment-full size-full wp-image-4077\" alt=\"\" srcset=\"https:\/\/exciting-elbakyan.137-74-93-36.plesk.page\/wp-content\/uploads\/2025\/11\/Encuentro-Italia-2024-chicos.jpg 1600w, https:\/\/exciting-elbakyan.137-74-93-36.plesk.page\/wp-content\/uploads\/2025\/11\/Encuentro-Italia-2024-chicos-300x225.jpg 300w, https:\/\/exciting-elbakyan.137-74-93-36.plesk.page\/wp-content\/uploads\/2025\/11\/Encuentro-Italia-2024-chicos-1024x768.jpg 1024w, https:\/\/exciting-elbakyan.137-74-93-36.plesk.page\/wp-content\/uploads\/2025\/11\/Encuentro-Italia-2024-chicos-768x576.jpg 768w, https:\/\/exciting-elbakyan.137-74-93-36.plesk.page\/wp-content\/uploads\/2025\/11\/Encuentro-Italia-2024-chicos-1536x1152.jpg 1536w, https:\/\/exciting-elbakyan.137-74-93-36.plesk.page\/wp-content\/uploads\/2025\/11\/Encuentro-Italia-2024-chicos-16x12.jpg 16w\" sizes=\"(max-width: 1600px) 100vw, 1600px\" \/>\t\t\t\t\t\t\t\t\t\t\t\t\t\t\t<\/div>\n\t\t\t\t<\/div>\n\t\t\t\t<\/div>\n\t\t\t\t\t<\/div>\n\t\t\t\t<\/div>\n\t\t\t\t<\/div>\n\t\t","protected":false},"excerpt":{"rendered":"<p>QUI\u00c9NES SOMOS Informes de cuentas y actividades En este apartado puedes consultar nuestra informaci\u00f3n econ\u00f3mica. Haz clic en la secci\u00f3n que te interese y encontrar\u00e1s los documentos relacionados. Cuenta de p\u00e9rdidas y ganancias VER M\u00c1S Balance de situaci\u00f3n VER M\u00c1S Memoria de actividades VER M\u00c1S Memoria econ\u00f3mica VER M\u00c1S<\/p>\n","protected":false},"author":1,"featured_media":0,"parent":0,"menu_order":0,"comment_status":"closed","ping_status":"closed","template":"elementor_header_footer","meta":{"_acf_changed":false,"footnotes":""},"class_list":["post-4074","page","type-page","status-publish","hentry"],"acf":[],"yoast_head":"<!-- This site is optimized with the Yoast SEO plugin v27.2 - https:\/\/yoast.com\/product\/yoast-seo-wordpress\/ -->\n<title>INFORMES DE CUENTAS Y ACTIVIDADES - Aefat<\/title>\n<meta name=\"description\" content=\"En este apartado puedes consultar nuestra informaci\u00f3n econ\u00f3mica. Haz clic en la secci\u00f3n que te interese y encontrar\u00e1s los documentos relacionados.\" \/>\n<meta name=\"robots\" content=\"noindex, follow, max-snippet:-1, max-image-preview:large, max-video-preview:-1\" \/>\n<meta property=\"og:locale\" content=\"es_ES\" \/>\n<meta property=\"og:type\" content=\"article\" \/>\n<meta property=\"og:title\" content=\"INFORMES DE CUENTAS Y ACTIVIDADES - Aefat\" \/>\n<meta property=\"og:description\" content=\"En este apartado puedes consultar nuestra informaci\u00f3n econ\u00f3mica. Haz clic en la secci\u00f3n que te interese y encontrar\u00e1s los documentos relacionados.\" \/>\n<meta property=\"og:url\" content=\"https:\/\/exciting-elbakyan.137-74-93-36.plesk.page\/index.php\/informes-de-cuentas-y-actividades\/\" \/>\n<meta property=\"og:site_name\" content=\"Aefat\" \/>\n<meta property=\"article:modified_time\" content=\"2026-03-27T11:58:02+00:00\" \/>\n<meta property=\"og:image\" content=\"https:\/\/exciting-elbakyan.137-74-93-36.plesk.page\/wp-content\/uploads\/2025\/11\/Encuentro-Italia-2024-chicos.jpg\" \/>\n<meta name=\"twitter:card\" content=\"summary_large_image\" \/>\n<meta name=\"twitter:label1\" content=\"Tiempo de lectura\" \/>\n\t<meta name=\"twitter:data1\" content=\"1 minuto\" \/>\n<script type=\"application\/ld+json\" class=\"yoast-schema-graph\">{\"@context\":\"https:\/\/schema.org\",\"@graph\":[{\"@type\":\"WebPage\",\"@id\":\"https:\/\/exciting-elbakyan.137-74-93-36.plesk.page\/index.php\/informes-de-cuentas-y-actividades\/\",\"url\":\"https:\/\/exciting-elbakyan.137-74-93-36.plesk.page\/index.php\/informes-de-cuentas-y-actividades\/\",\"name\":\"INFORMES DE CUENTAS Y ACTIVIDADES - Aefat\",\"isPartOf\":{\"@id\":\"https:\/\/exciting-elbakyan.137-74-93-36.plesk.page\/#website\"},\"primaryImageOfPage\":{\"@id\":\"https:\/\/exciting-elbakyan.137-74-93-36.plesk.page\/index.php\/informes-de-cuentas-y-actividades\/#primaryimage\"},\"image\":{\"@id\":\"https:\/\/exciting-elbakyan.137-74-93-36.plesk.page\/index.php\/informes-de-cuentas-y-actividades\/#primaryimage\"},\"thumbnailUrl\":\"https:\/\/exciting-elbakyan.137-74-93-36.plesk.page\/wp-content\/uploads\/2025\/11\/Encuentro-Italia-2024-chicos.jpg\",\"datePublished\":\"2025-11-18T10:02:43+00:00\",\"dateModified\":\"2026-03-27T11:58:02+00:00\",\"description\":\"En este apartado puedes consultar nuestra informaci\u00f3n econ\u00f3mica. Haz clic en la secci\u00f3n que te interese y encontrar\u00e1s los documentos relacionados.\",\"breadcrumb\":{\"@id\":\"https:\/\/exciting-elbakyan.137-74-93-36.plesk.page\/index.php\/informes-de-cuentas-y-actividades\/#breadcrumb\"},\"inLanguage\":\"es\",\"potentialAction\":[{\"@type\":\"ReadAction\",\"target\":[\"https:\/\/exciting-elbakyan.137-74-93-36.plesk.page\/index.php\/informes-de-cuentas-y-actividades\/\"]}]},{\"@type\":\"ImageObject\",\"inLanguage\":\"es\",\"@id\":\"https:\/\/exciting-elbakyan.137-74-93-36.plesk.page\/index.php\/informes-de-cuentas-y-actividades\/#primaryimage\",\"url\":\"https:\/\/exciting-elbakyan.137-74-93-36.plesk.page\/wp-content\/uploads\/2025\/11\/Encuentro-Italia-2024-chicos.jpg\",\"contentUrl\":\"https:\/\/exciting-elbakyan.137-74-93-36.plesk.page\/wp-content\/uploads\/2025\/11\/Encuentro-Italia-2024-chicos.jpg\",\"width\":1600,\"height\":1200},{\"@type\":\"BreadcrumbList\",\"@id\":\"https:\/\/exciting-elbakyan.137-74-93-36.plesk.page\/index.php\/informes-de-cuentas-y-actividades\/#breadcrumb\",\"itemListElement\":[{\"@type\":\"ListItem\",\"position\":1,\"name\":\"Portada\",\"item\":\"https:\/\/exciting-elbakyan.137-74-93-36.plesk.page\/\"},{\"@type\":\"ListItem\",\"position\":2,\"name\":\"INFORMES DE CUENTAS Y ACTIVIDADES\"}]},{\"@type\":\"WebSite\",\"@id\":\"https:\/\/exciting-elbakyan.137-74-93-36.plesk.page\/#website\",\"url\":\"https:\/\/exciting-elbakyan.137-74-93-36.plesk.page\/\",\"name\":\"Aefat\",\"description\":\"\",\"publisher\":{\"@id\":\"https:\/\/exciting-elbakyan.137-74-93-36.plesk.page\/#organization\"},\"potentialAction\":[{\"@type\":\"SearchAction\",\"target\":{\"@type\":\"EntryPoint\",\"urlTemplate\":\"https:\/\/exciting-elbakyan.137-74-93-36.plesk.page\/?s={search_term_string}\"},\"query-input\":{\"@type\":\"PropertyValueSpecification\",\"valueRequired\":true,\"valueName\":\"search_term_string\"}}],\"inLanguage\":\"es\"},{\"@type\":\"Organization\",\"@id\":\"https:\/\/exciting-elbakyan.137-74-93-36.plesk.page\/#organization\",\"name\":\"Aefat\",\"url\":\"https:\/\/exciting-elbakyan.137-74-93-36.plesk.page\/\",\"logo\":{\"@type\":\"ImageObject\",\"inLanguage\":\"es\",\"@id\":\"https:\/\/exciting-elbakyan.137-74-93-36.plesk.page\/#\/schema\/logo\/image\/\",\"url\":\"https:\/\/exciting-elbakyan.137-74-93-36.plesk.page\/wp-content\/uploads\/2024\/07\/aefat_logo_50.jpg\",\"contentUrl\":\"https:\/\/exciting-elbakyan.137-74-93-36.plesk.page\/wp-content\/uploads\/2024\/07\/aefat_logo_50.jpg\",\"width\":149,\"height\":50,\"caption\":\"Aefat\"},\"image\":{\"@id\":\"https:\/\/exciting-elbakyan.137-74-93-36.plesk.page\/#\/schema\/logo\/image\/\"}}]}<\/script>\n<!-- \/ Yoast SEO plugin. -->","yoast_head_json":{"title":"INFORMES DE CUENTAS Y ACTIVIDADES - Aefat","description":"En este apartado puedes consultar nuestra informaci\u00f3n econ\u00f3mica. Haz clic en la secci\u00f3n que te interese y encontrar\u00e1s los documentos relacionados.","robots":{"index":"noindex","follow":"follow","max-snippet":"max-snippet:-1","max-image-preview":"max-image-preview:large","max-video-preview":"max-video-preview:-1"},"og_locale":"es_ES","og_type":"article","og_title":"INFORMES DE CUENTAS Y ACTIVIDADES - Aefat","og_description":"En este apartado puedes consultar nuestra informaci\u00f3n econ\u00f3mica. Haz clic en la secci\u00f3n que te interese y encontrar\u00e1s los documentos relacionados.","og_url":"https:\/\/exciting-elbakyan.137-74-93-36.plesk.page\/index.php\/informes-de-cuentas-y-actividades\/","og_site_name":"Aefat","article_modified_time":"2026-03-27T11:58:02+00:00","og_image":[{"url":"https:\/\/exciting-elbakyan.137-74-93-36.plesk.page\/wp-content\/uploads\/2025\/11\/Encuentro-Italia-2024-chicos.jpg","type":"","width":"","height":""}],"twitter_card":"summary_large_image","twitter_misc":{"Tiempo de lectura":"1 minuto"},"schema":{"@context":"https:\/\/schema.org","@graph":[{"@type":"WebPage","@id":"https:\/\/exciting-elbakyan.137-74-93-36.plesk.page\/index.php\/informes-de-cuentas-y-actividades\/","url":"https:\/\/exciting-elbakyan.137-74-93-36.plesk.page\/index.php\/informes-de-cuentas-y-actividades\/","name":"INFORMES DE CUENTAS Y ACTIVIDADES - Aefat","isPartOf":{"@id":"https:\/\/exciting-elbakyan.137-74-93-36.plesk.page\/#website"},"primaryImageOfPage":{"@id":"https:\/\/exciting-elbakyan.137-74-93-36.plesk.page\/index.php\/informes-de-cuentas-y-actividades\/#primaryimage"},"image":{"@id":"https:\/\/exciting-elbakyan.137-74-93-36.plesk.page\/index.php\/informes-de-cuentas-y-actividades\/#primaryimage"},"thumbnailUrl":"https:\/\/exciting-elbakyan.137-74-93-36.plesk.page\/wp-content\/uploads\/2025\/11\/Encuentro-Italia-2024-chicos.jpg","datePublished":"2025-11-18T10:02:43+00:00","dateModified":"2026-03-27T11:58:02+00:00","description":"En este apartado puedes consultar nuestra informaci\u00f3n econ\u00f3mica. Haz clic en la secci\u00f3n que te interese y encontrar\u00e1s los documentos relacionados.","breadcrumb":{"@id":"https:\/\/exciting-elbakyan.137-74-93-36.plesk.page\/index.php\/informes-de-cuentas-y-actividades\/#breadcrumb"},"inLanguage":"es","potentialAction":[{"@type":"ReadAction","target":["https:\/\/exciting-elbakyan.137-74-93-36.plesk.page\/index.php\/informes-de-cuentas-y-actividades\/"]}]},{"@type":"ImageObject","inLanguage":"es","@id":"https:\/\/exciting-elbakyan.137-74-93-36.plesk.page\/index.php\/informes-de-cuentas-y-actividades\/#primaryimage","url":"https:\/\/exciting-elbakyan.137-74-93-36.plesk.page\/wp-content\/uploads\/2025\/11\/Encuentro-Italia-2024-chicos.jpg","contentUrl":"https:\/\/exciting-elbakyan.137-74-93-36.plesk.page\/wp-content\/uploads\/2025\/11\/Encuentro-Italia-2024-chicos.jpg","width":1600,"height":1200},{"@type":"BreadcrumbList","@id":"https:\/\/exciting-elbakyan.137-74-93-36.plesk.page\/index.php\/informes-de-cuentas-y-actividades\/#breadcrumb","itemListElement":[{"@type":"ListItem","position":1,"name":"Portada","item":"https:\/\/exciting-elbakyan.137-74-93-36.plesk.page\/"},{"@type":"ListItem","position":2,"name":"INFORMES DE CUENTAS Y ACTIVIDADES"}]},{"@type":"WebSite","@id":"https:\/\/exciting-elbakyan.137-74-93-36.plesk.page\/#website","url":"https:\/\/exciting-elbakyan.137-74-93-36.plesk.page\/","name":"Aefat","description":"","publisher":{"@id":"https:\/\/exciting-elbakyan.137-74-93-36.plesk.page\/#organization"},"potentialAction":[{"@type":"SearchAction","target":{"@type":"EntryPoint","urlTemplate":"https:\/\/exciting-elbakyan.137-74-93-36.plesk.page\/?s={search_term_string}"},"query-input":{"@type":"PropertyValueSpecification","valueRequired":true,"valueName":"search_term_string"}}],"inLanguage":"es"},{"@type":"Organization","@id":"https:\/\/exciting-elbakyan.137-74-93-36.plesk.page\/#organization","name":"Aefat","url":"https:\/\/exciting-elbakyan.137-74-93-36.plesk.page\/","logo":{"@type":"ImageObject","inLanguage":"es","@id":"https:\/\/exciting-elbakyan.137-74-93-36.plesk.page\/#\/schema\/logo\/image\/","url":"https:\/\/exciting-elbakyan.137-74-93-36.plesk.page\/wp-content\/uploads\/2024\/07\/aefat_logo_50.jpg","contentUrl":"https:\/\/exciting-elbakyan.137-74-93-36.plesk.page\/wp-content\/uploads\/2024\/07\/aefat_logo_50.jpg","width":149,"height":50,"caption":"Aefat"},"image":{"@id":"https:\/\/exciting-elbakyan.137-74-93-36.plesk.page\/#\/schema\/logo\/image\/"}}]}},"_links":{"self":[{"href":"https:\/\/exciting-elbakyan.137-74-93-36.plesk.page\/index.php\/wp-json\/wp\/v2\/pages\/4074","targetHints":{"allow":["GET"]}}],"collection":[{"href":"https:\/\/exciting-elbakyan.137-74-93-36.plesk.page\/index.php\/wp-json\/wp\/v2\/pages"}],"about":[{"href":"https:\/\/exciting-elbakyan.137-74-93-36.plesk.page\/index.php\/wp-json\/wp\/v2\/types\/page"}],"author":[{"embeddable":true,"href":"https:\/\/exciting-elbakyan.137-74-93-36.plesk.page\/index.php\/wp-json\/wp\/v2\/users\/1"}],"replies":[{"embeddable":true,"href":"https:\/\/exciting-elbakyan.137-74-93-36.plesk.page\/index.php\/wp-json\/wp\/v2\/comments?post=4074"}],"version-history":[{"count":40,"href":"https:\/\/exciting-elbakyan.137-74-93-36.plesk.page\/index.php\/wp-json\/wp\/v2\/pages\/4074\/revisions"}],"predecessor-version":[{"id":5964,"href":"https:\/\/exciting-elbakyan.137-74-93-36.plesk.page\/index.php\/wp-json\/wp\/v2\/pages\/4074\/revisions\/5964"}],"wp:attachment":[{"href":"https:\/\/exciting-elbakyan.137-74-93-36.plesk.page\/index.php\/wp-json\/wp\/v2\/media?parent=4074"}],"curies":[{"name":"wp","href":"https:\/\/api.w.org\/{rel}","templated":true}]}}