{"id":788,"date":"2024-08-09T11:11:29","date_gmt":"2024-08-09T11:11:29","guid":{"rendered":"https:\/\/exciting-elbakyan.137-74-93-36.plesk.page\/?page_id=788"},"modified":"2026-03-27T12:09:33","modified_gmt":"2026-03-27T12:09:33","slug":"proyectos-de-investigacion","status":"publish","type":"page","link":"https:\/\/exciting-elbakyan.137-74-93-36.plesk.page\/index.php\/proyectos-de-investigacion\/","title":{"rendered":"Proyectos de investigaci\u00f3n"},"content":{"rendered":"\t\t<div data-elementor-type=\"wp-page\" data-elementor-id=\"788\" class=\"elementor elementor-788\" data-elementor-settings=\"{&quot;ha_cmc_init_switcher&quot;:&quot;no&quot;}\" data-elementor-post-type=\"page\">\n\t\t\t\t<div class=\"elementor-element elementor-element-2fa400d e-flex e-con-boxed e-con e-parent\" data-id=\"2fa400d\" data-element_type=\"container\" data-e-type=\"container\" data-settings=\"{&quot;_ha_eqh_enable&quot;:false}\">\n\t\t\t\t\t<div class=\"e-con-inner\">\n\t\t<div class=\"elementor-element elementor-element-136587d e-con-full e-flex e-con e-child\" data-id=\"136587d\" data-element_type=\"container\" data-e-type=\"container\" data-settings=\"{&quot;_ha_eqh_enable&quot;:false}\">\n\t\t\t\t<div class=\"elementor-element elementor-element-e55f57b elementor-widget__width-initial elementor-absolute ha-has-bg-overlay elementor-widget elementor-widget-spacer\" data-id=\"e55f57b\" data-element_type=\"widget\" data-e-type=\"widget\" data-settings=\"{&quot;_position&quot;:&quot;absolute&quot;}\" data-widget_type=\"spacer.default\">\n\t\t\t\t<div class=\"elementor-widget-container\">\n\t\t\t\t\t\t\t<div class=\"elementor-spacer\">\n\t\t\t<div class=\"elementor-spacer-inner\"><\/div>\n\t\t<\/div>\n\t\t\t\t\t\t<\/div>\n\t\t\t\t<\/div>\n\t\t\t\t<div class=\"elementor-element elementor-element-027367e elementor-widget elementor-widget-heading\" data-id=\"027367e\" data-element_type=\"widget\" data-e-type=\"widget\" data-widget_type=\"heading.default\">\n\t\t\t\t<div class=\"elementor-widget-container\">\n\t\t\t\t\t<h3 class=\"elementor-heading-title elementor-size-default\">Investigaci\u00f3n<\/h3>\t\t\t\t<\/div>\n\t\t\t\t<\/div>\n\t\t\t\t<div class=\"elementor-element elementor-element-e6f91e0 elementor-widget elementor-widget-heading\" data-id=\"e6f91e0\" data-element_type=\"widget\" data-e-type=\"widget\" data-widget_type=\"heading.default\">\n\t\t\t\t<div class=\"elementor-widget-container\">\n\t\t\t\t\t<h1 class=\"elementor-heading-title elementor-size-default\">PROYECTOS DE INVESTIGACI\u00d3N QUE APOYAMOS<\/h1>\t\t\t\t<\/div>\n\t\t\t\t<\/div>\n\t\t\t\t<div class=\"elementor-element elementor-element-30a64f16 elementor-widget elementor-widget-text-editor\" data-id=\"30a64f16\" data-element_type=\"widget\" data-e-type=\"widget\" data-widget_type=\"text-editor.default\">\n\t\t\t\t<div class=\"elementor-widget-container\">\n\t\t\t\t\t\t\t\t\t<p><span style=\"font-weight: 400;\">Uno de los objetivos de Aefat es la captaci\u00f3n de fondos para financiar proyectos de investigaci\u00f3n. Estos proyectos van destinados en su mayor\u00eda a conocer mejor la biolog\u00eda de la enfermedad y desarrollar tratamientos que conduzcan a una mejora de la calidad de vida de los afectados y quiz\u00e1 alg\u00fan d\u00eda a una cura. Son seleccionados a trav\u00e9s de las becas que peri\u00f3dicamente lanza la asociaci\u00f3n, bajo la supervisi\u00f3n de nuestro Comit\u00e9 m\u00e9dico-cient\u00edfico.<\/span><\/p><p><span style=\"font-weight: 400;\">Aefat tambi\u00e9n apoya econ\u00f3micamente proyectos de otras asociaciones de la Alianza Global.<\/span><\/p>\t\t\t\t\t\t\t\t<\/div>\n\t\t\t\t<\/div>\n\t\t\t\t<\/div>\n\t\t\t\t\t<\/div>\n\t\t\t\t<\/div>\n\t\t<div class=\"elementor-element elementor-element-746c15d e-flex e-con-boxed e-con e-parent\" data-id=\"746c15d\" data-element_type=\"container\" data-e-type=\"container\" data-settings=\"{&quot;_ha_eqh_enable&quot;:false}\">\n\t\t\t\t\t<div class=\"e-con-inner\">\n\t\t<div class=\"elementor-element elementor-element-f5220fb e-con-full e-flex e-con e-child\" data-id=\"f5220fb\" data-element_type=\"container\" data-e-type=\"container\" data-settings=\"{&quot;_ha_eqh_enable&quot;:false}\">\n\t\t<div class=\"elementor-element elementor-element-1178240 e-con-full e-flex e-con e-child\" data-id=\"1178240\" data-element_type=\"container\" data-e-type=\"container\" data-settings=\"{&quot;_ha_eqh_enable&quot;:false}\">\n\t\t\t\t<div class=\"elementor-element elementor-element-27ed1be elementor-position-top elementor-widget elementor-widget-image-box\" data-id=\"27ed1be\" data-element_type=\"widget\" data-e-type=\"widget\" data-widget_type=\"image-box.default\">\n\t\t\t\t<div class=\"elementor-widget-container\">\n\t\t\t\t\t<div class=\"elementor-image-box-wrapper\"><figure class=\"elementor-image-box-img\"><a href=\"https:\/\/exciting-elbakyan.137-74-93-36.plesk.page\/index.php\/proyectos-finalizados\/\" tabindex=\"-1\"><img fetchpriority=\"high\" decoding=\"async\" width=\"1979\" height=\"1271\" src=\"https:\/\/exciting-elbakyan.137-74-93-36.plesk.page\/wp-content\/uploads\/2026\/02\/2.png\" class=\"attachment-full size-full wp-image-5631\" alt=\"\" srcset=\"https:\/\/exciting-elbakyan.137-74-93-36.plesk.page\/wp-content\/uploads\/2026\/02\/2.png 1979w, https:\/\/exciting-elbakyan.137-74-93-36.plesk.page\/wp-content\/uploads\/2026\/02\/2-300x193.png 300w, https:\/\/exciting-elbakyan.137-74-93-36.plesk.page\/wp-content\/uploads\/2026\/02\/2-1024x658.png 1024w, https:\/\/exciting-elbakyan.137-74-93-36.plesk.page\/wp-content\/uploads\/2026\/02\/2-768x493.png 768w, https:\/\/exciting-elbakyan.137-74-93-36.plesk.page\/wp-content\/uploads\/2026\/02\/2-1536x986.png 1536w, https:\/\/exciting-elbakyan.137-74-93-36.plesk.page\/wp-content\/uploads\/2026\/02\/2-18x12.png 18w\" sizes=\"(max-width: 1979px) 100vw, 1979px\" \/><\/a><\/figure><div class=\"elementor-image-box-content\"><h3 class=\"elementor-image-box-title\"><a href=\"https:\/\/exciting-elbakyan.137-74-93-36.plesk.page\/index.php\/proyectos-finalizados\/\">FINALIZADOS<\/a><\/h3><\/div><\/div>\t\t\t\t<\/div>\n\t\t\t\t<\/div>\n\t\t\t\t<\/div>\n\t\t<div class=\"elementor-element elementor-element-db55691 e-con-full e-flex e-con e-child\" data-id=\"db55691\" data-element_type=\"container\" data-e-type=\"container\" data-settings=\"{&quot;_ha_eqh_enable&quot;:false}\">\n\t\t\t\t<div class=\"elementor-element elementor-element-78977f8 elementor-position-top elementor-widget elementor-widget-image-box\" data-id=\"78977f8\" data-element_type=\"widget\" data-e-type=\"widget\" data-widget_type=\"image-box.default\">\n\t\t\t\t<div class=\"elementor-widget-container\">\n\t\t\t\t\t<div class=\"elementor-image-box-wrapper\"><figure class=\"elementor-image-box-img\"><a href=\"https:\/\/exciting-elbakyan.137-74-93-36.plesk.page\/index.php\/proyectos-en-proceso\/\" tabindex=\"-1\"><img decoding=\"async\" width=\"1979\" height=\"1271\" src=\"https:\/\/exciting-elbakyan.137-74-93-36.plesk.page\/wp-content\/uploads\/2026\/02\/1.png\" class=\"attachment-full size-full wp-image-5630\" alt=\"\" srcset=\"https:\/\/exciting-elbakyan.137-74-93-36.plesk.page\/wp-content\/uploads\/2026\/02\/1.png 1979w, https:\/\/exciting-elbakyan.137-74-93-36.plesk.page\/wp-content\/uploads\/2026\/02\/1-300x193.png 300w, https:\/\/exciting-elbakyan.137-74-93-36.plesk.page\/wp-content\/uploads\/2026\/02\/1-1024x658.png 1024w, https:\/\/exciting-elbakyan.137-74-93-36.plesk.page\/wp-content\/uploads\/2026\/02\/1-768x493.png 768w, https:\/\/exciting-elbakyan.137-74-93-36.plesk.page\/wp-content\/uploads\/2026\/02\/1-1536x986.png 1536w, https:\/\/exciting-elbakyan.137-74-93-36.plesk.page\/wp-content\/uploads\/2026\/02\/1-18x12.png 18w\" sizes=\"(max-width: 1979px) 100vw, 1979px\" \/><\/a><\/figure><div class=\"elementor-image-box-content\"><h3 class=\"elementor-image-box-title\"><a href=\"https:\/\/exciting-elbakyan.137-74-93-36.plesk.page\/index.php\/proyectos-en-proceso\/\">EN CURSO<\/a><\/h3><\/div><\/div>\t\t\t\t<\/div>\n\t\t\t\t<\/div>\n\t\t\t\t<\/div>\n\t\t\t\t<\/div>\n\t\t\t\t\t<\/div>\n\t\t\t\t<\/div>\n\t\t<div class=\"elementor-element elementor-element-bba436e e-flex e-con-boxed e-con e-parent\" data-id=\"bba436e\" data-element_type=\"container\" data-e-type=\"container\" data-settings=\"{&quot;_ha_eqh_enable&quot;:false}\">\n\t\t\t\t\t<div class=\"e-con-inner\">\n\t\t<div class=\"elementor-element elementor-element-613eeb6 e-con-full e-flex e-con e-child\" data-id=\"613eeb6\" data-element_type=\"container\" data-e-type=\"container\" data-settings=\"{&quot;_ha_eqh_enable&quot;:false}\">\n\t\t\t\t<\/div>\n\t\t\t\t\t<\/div>\n\t\t\t\t<\/div>\n\t\t\t\t<\/div>\n\t\t","protected":false},"excerpt":{"rendered":"<p>Investigaci\u00f3n PROYECTOS DE INVESTIGACI\u00d3N QUE APOYAMOS Uno de los objetivos de Aefat es la captaci\u00f3n de fondos para financiar proyectos de investigaci\u00f3n. Estos proyectos van destinados en su mayor\u00eda a conocer mejor la biolog\u00eda de la enfermedad y desarrollar tratamientos que conduzcan a una mejora de la calidad de vida de los afectados y quiz\u00e1 [&hellip;]<\/p>\n","protected":false},"author":1,"featured_media":0,"parent":0,"menu_order":0,"comment_status":"closed","ping_status":"closed","template":"elementor_header_footer","meta":{"_acf_changed":false,"footnotes":""},"class_list":["post-788","page","type-page","status-publish","hentry"],"acf":[],"yoast_head":"<!-- This site is optimized with the Yoast SEO plugin v27.2 - https:\/\/yoast.com\/product\/yoast-seo-wordpress\/ -->\n<title>Proyectos de investigaci\u00f3n - Aefat<\/title>\n<meta name=\"description\" content=\"Estos proyectos van destinados en su mayor\u00eda a conocer mejor la biolog\u00eda de la enfermedad y desarrollar tratamientos que conduzcan a una mejora de la calidad de vida de los afectados\" \/>\n<meta name=\"robots\" content=\"noindex, follow, max-snippet:-1, max-image-preview:large, max-video-preview:-1\" \/>\n<meta property=\"og:locale\" content=\"es_ES\" \/>\n<meta property=\"og:type\" content=\"article\" \/>\n<meta property=\"og:title\" content=\"Proyectos de investigaci\u00f3n - Aefat\" \/>\n<meta property=\"og:description\" content=\"Estos proyectos van destinados en su mayor\u00eda a conocer mejor la biolog\u00eda de la enfermedad y desarrollar tratamientos que conduzcan a una mejora de la calidad de vida de los afectados\" \/>\n<meta property=\"og:url\" content=\"https:\/\/exciting-elbakyan.137-74-93-36.plesk.page\/index.php\/proyectos-de-investigacion\/\" \/>\n<meta property=\"og:site_name\" content=\"Aefat\" \/>\n<meta property=\"article:modified_time\" content=\"2026-03-27T12:09:33+00:00\" \/>\n<meta property=\"og:image\" content=\"https:\/\/exciting-elbakyan.137-74-93-36.plesk.page\/wp-content\/uploads\/2026\/02\/2.png\" \/>\n<meta name=\"twitter:card\" content=\"summary_large_image\" \/>\n<meta name=\"twitter:label1\" content=\"Tiempo de lectura\" \/>\n\t<meta name=\"twitter:data1\" content=\"1 minuto\" \/>\n<script type=\"application\/ld+json\" class=\"yoast-schema-graph\">{\"@context\":\"https:\/\/schema.org\",\"@graph\":[{\"@type\":\"WebPage\",\"@id\":\"https:\/\/exciting-elbakyan.137-74-93-36.plesk.page\/index.php\/proyectos-de-investigacion\/\",\"url\":\"https:\/\/exciting-elbakyan.137-74-93-36.plesk.page\/index.php\/proyectos-de-investigacion\/\",\"name\":\"Proyectos de investigaci\u00f3n - Aefat\",\"isPartOf\":{\"@id\":\"https:\/\/exciting-elbakyan.137-74-93-36.plesk.page\/#website\"},\"primaryImageOfPage\":{\"@id\":\"https:\/\/exciting-elbakyan.137-74-93-36.plesk.page\/index.php\/proyectos-de-investigacion\/#primaryimage\"},\"image\":{\"@id\":\"https:\/\/exciting-elbakyan.137-74-93-36.plesk.page\/index.php\/proyectos-de-investigacion\/#primaryimage\"},\"thumbnailUrl\":\"https:\/\/exciting-elbakyan.137-74-93-36.plesk.page\/wp-content\/uploads\/2026\/02\/2.png\",\"datePublished\":\"2024-08-09T11:11:29+00:00\",\"dateModified\":\"2026-03-27T12:09:33+00:00\",\"description\":\"Estos proyectos van destinados en su mayor\u00eda a conocer mejor la biolog\u00eda de la enfermedad y desarrollar tratamientos que conduzcan a una mejora de la calidad de vida de los afectados\",\"breadcrumb\":{\"@id\":\"https:\/\/exciting-elbakyan.137-74-93-36.plesk.page\/index.php\/proyectos-de-investigacion\/#breadcrumb\"},\"inLanguage\":\"es\",\"potentialAction\":[{\"@type\":\"ReadAction\",\"target\":[\"https:\/\/exciting-elbakyan.137-74-93-36.plesk.page\/index.php\/proyectos-de-investigacion\/\"]}]},{\"@type\":\"ImageObject\",\"inLanguage\":\"es\",\"@id\":\"https:\/\/exciting-elbakyan.137-74-93-36.plesk.page\/index.php\/proyectos-de-investigacion\/#primaryimage\",\"url\":\"https:\/\/exciting-elbakyan.137-74-93-36.plesk.page\/wp-content\/uploads\/2026\/02\/2.png\",\"contentUrl\":\"https:\/\/exciting-elbakyan.137-74-93-36.plesk.page\/wp-content\/uploads\/2026\/02\/2.png\",\"width\":1979,\"height\":1271},{\"@type\":\"BreadcrumbList\",\"@id\":\"https:\/\/exciting-elbakyan.137-74-93-36.plesk.page\/index.php\/proyectos-de-investigacion\/#breadcrumb\",\"itemListElement\":[{\"@type\":\"ListItem\",\"position\":1,\"name\":\"Portada\",\"item\":\"https:\/\/exciting-elbakyan.137-74-93-36.plesk.page\/\"},{\"@type\":\"ListItem\",\"position\":2,\"name\":\"Proyectos de investigaci\u00f3n\"}]},{\"@type\":\"WebSite\",\"@id\":\"https:\/\/exciting-elbakyan.137-74-93-36.plesk.page\/#website\",\"url\":\"https:\/\/exciting-elbakyan.137-74-93-36.plesk.page\/\",\"name\":\"Aefat\",\"description\":\"\",\"publisher\":{\"@id\":\"https:\/\/exciting-elbakyan.137-74-93-36.plesk.page\/#organization\"},\"potentialAction\":[{\"@type\":\"SearchAction\",\"target\":{\"@type\":\"EntryPoint\",\"urlTemplate\":\"https:\/\/exciting-elbakyan.137-74-93-36.plesk.page\/?s={search_term_string}\"},\"query-input\":{\"@type\":\"PropertyValueSpecification\",\"valueRequired\":true,\"valueName\":\"search_term_string\"}}],\"inLanguage\":\"es\"},{\"@type\":\"Organization\",\"@id\":\"https:\/\/exciting-elbakyan.137-74-93-36.plesk.page\/#organization\",\"name\":\"Aefat\",\"url\":\"https:\/\/exciting-elbakyan.137-74-93-36.plesk.page\/\",\"logo\":{\"@type\":\"ImageObject\",\"inLanguage\":\"es\",\"@id\":\"https:\/\/exciting-elbakyan.137-74-93-36.plesk.page\/#\/schema\/logo\/image\/\",\"url\":\"https:\/\/exciting-elbakyan.137-74-93-36.plesk.page\/wp-content\/uploads\/2024\/07\/aefat_logo_50.jpg\",\"contentUrl\":\"https:\/\/exciting-elbakyan.137-74-93-36.plesk.page\/wp-content\/uploads\/2024\/07\/aefat_logo_50.jpg\",\"width\":149,\"height\":50,\"caption\":\"Aefat\"},\"image\":{\"@id\":\"https:\/\/exciting-elbakyan.137-74-93-36.plesk.page\/#\/schema\/logo\/image\/\"}}]}<\/script>\n<!-- \/ Yoast SEO plugin. -->","yoast_head_json":{"title":"Proyectos de investigaci\u00f3n - Aefat","description":"Estos proyectos van destinados en su mayor\u00eda a conocer mejor la biolog\u00eda de la enfermedad y desarrollar tratamientos que conduzcan a una mejora de la calidad de vida de los afectados","robots":{"index":"noindex","follow":"follow","max-snippet":"max-snippet:-1","max-image-preview":"max-image-preview:large","max-video-preview":"max-video-preview:-1"},"og_locale":"es_ES","og_type":"article","og_title":"Proyectos de investigaci\u00f3n - Aefat","og_description":"Estos proyectos van destinados en su mayor\u00eda a conocer mejor la biolog\u00eda de la enfermedad y desarrollar tratamientos que conduzcan a una mejora de la calidad de vida de los afectados","og_url":"https:\/\/exciting-elbakyan.137-74-93-36.plesk.page\/index.php\/proyectos-de-investigacion\/","og_site_name":"Aefat","article_modified_time":"2026-03-27T12:09:33+00:00","og_image":[{"url":"https:\/\/exciting-elbakyan.137-74-93-36.plesk.page\/wp-content\/uploads\/2026\/02\/2.png","type":"","width":"","height":""}],"twitter_card":"summary_large_image","twitter_misc":{"Tiempo de lectura":"1 minuto"},"schema":{"@context":"https:\/\/schema.org","@graph":[{"@type":"WebPage","@id":"https:\/\/exciting-elbakyan.137-74-93-36.plesk.page\/index.php\/proyectos-de-investigacion\/","url":"https:\/\/exciting-elbakyan.137-74-93-36.plesk.page\/index.php\/proyectos-de-investigacion\/","name":"Proyectos de investigaci\u00f3n - Aefat","isPartOf":{"@id":"https:\/\/exciting-elbakyan.137-74-93-36.plesk.page\/#website"},"primaryImageOfPage":{"@id":"https:\/\/exciting-elbakyan.137-74-93-36.plesk.page\/index.php\/proyectos-de-investigacion\/#primaryimage"},"image":{"@id":"https:\/\/exciting-elbakyan.137-74-93-36.plesk.page\/index.php\/proyectos-de-investigacion\/#primaryimage"},"thumbnailUrl":"https:\/\/exciting-elbakyan.137-74-93-36.plesk.page\/wp-content\/uploads\/2026\/02\/2.png","datePublished":"2024-08-09T11:11:29+00:00","dateModified":"2026-03-27T12:09:33+00:00","description":"Estos proyectos van destinados en su mayor\u00eda a conocer mejor la biolog\u00eda de la enfermedad y desarrollar tratamientos que conduzcan a una mejora de la calidad de vida de los afectados","breadcrumb":{"@id":"https:\/\/exciting-elbakyan.137-74-93-36.plesk.page\/index.php\/proyectos-de-investigacion\/#breadcrumb"},"inLanguage":"es","potentialAction":[{"@type":"ReadAction","target":["https:\/\/exciting-elbakyan.137-74-93-36.plesk.page\/index.php\/proyectos-de-investigacion\/"]}]},{"@type":"ImageObject","inLanguage":"es","@id":"https:\/\/exciting-elbakyan.137-74-93-36.plesk.page\/index.php\/proyectos-de-investigacion\/#primaryimage","url":"https:\/\/exciting-elbakyan.137-74-93-36.plesk.page\/wp-content\/uploads\/2026\/02\/2.png","contentUrl":"https:\/\/exciting-elbakyan.137-74-93-36.plesk.page\/wp-content\/uploads\/2026\/02\/2.png","width":1979,"height":1271},{"@type":"BreadcrumbList","@id":"https:\/\/exciting-elbakyan.137-74-93-36.plesk.page\/index.php\/proyectos-de-investigacion\/#breadcrumb","itemListElement":[{"@type":"ListItem","position":1,"name":"Portada","item":"https:\/\/exciting-elbakyan.137-74-93-36.plesk.page\/"},{"@type":"ListItem","position":2,"name":"Proyectos de investigaci\u00f3n"}]},{"@type":"WebSite","@id":"https:\/\/exciting-elbakyan.137-74-93-36.plesk.page\/#website","url":"https:\/\/exciting-elbakyan.137-74-93-36.plesk.page\/","name":"Aefat","description":"","publisher":{"@id":"https:\/\/exciting-elbakyan.137-74-93-36.plesk.page\/#organization"},"potentialAction":[{"@type":"SearchAction","target":{"@type":"EntryPoint","urlTemplate":"https:\/\/exciting-elbakyan.137-74-93-36.plesk.page\/?s={search_term_string}"},"query-input":{"@type":"PropertyValueSpecification","valueRequired":true,"valueName":"search_term_string"}}],"inLanguage":"es"},{"@type":"Organization","@id":"https:\/\/exciting-elbakyan.137-74-93-36.plesk.page\/#organization","name":"Aefat","url":"https:\/\/exciting-elbakyan.137-74-93-36.plesk.page\/","logo":{"@type":"ImageObject","inLanguage":"es","@id":"https:\/\/exciting-elbakyan.137-74-93-36.plesk.page\/#\/schema\/logo\/image\/","url":"https:\/\/exciting-elbakyan.137-74-93-36.plesk.page\/wp-content\/uploads\/2024\/07\/aefat_logo_50.jpg","contentUrl":"https:\/\/exciting-elbakyan.137-74-93-36.plesk.page\/wp-content\/uploads\/2024\/07\/aefat_logo_50.jpg","width":149,"height":50,"caption":"Aefat"},"image":{"@id":"https:\/\/exciting-elbakyan.137-74-93-36.plesk.page\/#\/schema\/logo\/image\/"}}]}},"_links":{"self":[{"href":"https:\/\/exciting-elbakyan.137-74-93-36.plesk.page\/index.php\/wp-json\/wp\/v2\/pages\/788","targetHints":{"allow":["GET"]}}],"collection":[{"href":"https:\/\/exciting-elbakyan.137-74-93-36.plesk.page\/index.php\/wp-json\/wp\/v2\/pages"}],"about":[{"href":"https:\/\/exciting-elbakyan.137-74-93-36.plesk.page\/index.php\/wp-json\/wp\/v2\/types\/page"}],"author":[{"embeddable":true,"href":"https:\/\/exciting-elbakyan.137-74-93-36.plesk.page\/index.php\/wp-json\/wp\/v2\/users\/1"}],"replies":[{"embeddable":true,"href":"https:\/\/exciting-elbakyan.137-74-93-36.plesk.page\/index.php\/wp-json\/wp\/v2\/comments?post=788"}],"version-history":[{"count":52,"href":"https:\/\/exciting-elbakyan.137-74-93-36.plesk.page\/index.php\/wp-json\/wp\/v2\/pages\/788\/revisions"}],"predecessor-version":[{"id":5920,"href":"https:\/\/exciting-elbakyan.137-74-93-36.plesk.page\/index.php\/wp-json\/wp\/v2\/pages\/788\/revisions\/5920"}],"wp:attachment":[{"href":"https:\/\/exciting-elbakyan.137-74-93-36.plesk.page\/index.php\/wp-json\/wp\/v2\/media?parent=788"}],"curies":[{"name":"wp","href":"https:\/\/api.w.org\/{rel}","templated":true}]}}