{"id":950,"date":"2024-09-17T13:17:26","date_gmt":"2024-09-17T13:17:26","guid":{"rendered":"https:\/\/exciting-elbakyan.137-74-93-36.plesk.page\/?page_id=950"},"modified":"2026-03-27T11:51:12","modified_gmt":"2026-03-27T11:51:12","slug":"contacto","status":"publish","type":"page","link":"https:\/\/exciting-elbakyan.137-74-93-36.plesk.page\/index.php\/contacto\/","title":{"rendered":"Contacto"},"content":{"rendered":"\t\t<div data-elementor-type=\"wp-page\" data-elementor-id=\"950\" class=\"elementor elementor-950\" data-elementor-settings=\"{&quot;ha_cmc_init_switcher&quot;:&quot;no&quot;}\" data-elementor-post-type=\"page\">\n\t\t\t\t<div class=\"elementor-element elementor-element-2d05547 e-flex e-con-boxed e-con e-parent\" data-id=\"2d05547\" data-element_type=\"container\" data-e-type=\"container\" data-settings=\"{&quot;_ha_eqh_enable&quot;:false}\">\n\t\t\t\t\t<div class=\"e-con-inner\">\n\t\t<div class=\"elementor-element elementor-element-665d20a e-con-full e-flex e-con e-child\" data-id=\"665d20a\" data-element_type=\"container\" data-e-type=\"container\" data-settings=\"{&quot;_ha_eqh_enable&quot;:false}\">\n\t\t\t\t<div class=\"elementor-element elementor-element-0b58388 elementor-widget__width-initial elementor-absolute ha-has-bg-overlay elementor-widget elementor-widget-spacer\" data-id=\"0b58388\" data-element_type=\"widget\" data-e-type=\"widget\" data-settings=\"{&quot;_position&quot;:&quot;absolute&quot;}\" data-widget_type=\"spacer.default\">\n\t\t\t\t<div class=\"elementor-widget-container\">\n\t\t\t\t\t\t\t<div class=\"elementor-spacer\">\n\t\t\t<div class=\"elementor-spacer-inner\"><\/div>\n\t\t<\/div>\n\t\t\t\t\t\t<\/div>\n\t\t\t\t<\/div>\n\t\t\t\t<div class=\"elementor-element elementor-element-a92b158 elementor-widget elementor-widget-heading\" data-id=\"a92b158\" data-element_type=\"widget\" data-e-type=\"widget\" data-widget_type=\"heading.default\">\n\t\t\t\t<div class=\"elementor-widget-container\">\n\t\t\t\t\t<h3 class=\"elementor-heading-title elementor-size-default\">AEFAT<\/h3>\t\t\t\t<\/div>\n\t\t\t\t<\/div>\n\t\t\t\t<div class=\"elementor-element elementor-element-e570ca8 elementor-widget elementor-widget-heading\" data-id=\"e570ca8\" data-element_type=\"widget\" data-e-type=\"widget\" data-widget_type=\"heading.default\">\n\t\t\t\t<div class=\"elementor-widget-container\">\n\t\t\t\t\t<h1 class=\"elementor-heading-title elementor-size-default\">Contacta con nosotros<\/h1>\t\t\t\t<\/div>\n\t\t\t\t<\/div>\n\t\t\t\t<\/div>\n\t\t\t\t\t<\/div>\n\t\t\t\t<\/div>\n\t\t<div class=\"elementor-element elementor-element-58c779e4 e-flex e-con-boxed e-con e-parent\" data-id=\"58c779e4\" data-element_type=\"container\" data-e-type=\"container\" data-settings=\"{&quot;_ha_eqh_enable&quot;:false}\">\n\t\t\t\t\t<div class=\"e-con-inner\">\n\t\t<div class=\"elementor-element elementor-element-7034862b e-con-full e-flex e-con e-child\" data-id=\"7034862b\" data-element_type=\"container\" data-e-type=\"container\" data-settings=\"{&quot;_ha_eqh_enable&quot;:false}\">\n\t\t\t\t<div class=\"elementor-element elementor-element-27d5d622 elementor-widget elementor-widget-text-editor\" data-id=\"27d5d622\" data-element_type=\"widget\" data-e-type=\"widget\" data-widget_type=\"text-editor.default\">\n\t\t\t\t<div class=\"elementor-widget-container\">\n\t\t\t\t\t\t\t\t\t<p><span style=\"font-weight: 400;\">AEFAT es el abrazo compartido de las familias que conviven con la Ataxia Telangiectasia. Unidos apoyamos la investigaci\u00f3n, los ensayos cl\u00ednicos, los encuentros y el acompa\u00f1amiento que sostienen a quienes m\u00e1s lo necesitan.\u00a0<\/span><\/p><p><span style=\"font-weight: 400;\">Cada paso, cada proyecto, cada gesto nos acerca a una vida con mayor calidad y bienestar, a nuevos tratamientos y al sue\u00f1o que nos mueve: encontrar una cura y ofrecer un futuro m\u00e1s esperanzador a nuestros hijos.<\/span><\/p><p><span style=\"font-weight: 400;\">Puedes contactar con nosotros a trav\u00e9s del formulario, escribiendo a <a href=\"mailto:info@aefat.es\">info@aefat.es<\/a> o llamando al <a href=\"tel:651563998\">+34 651 563 998.<\/a><\/span><\/p>\t\t\t\t\t\t\t\t<\/div>\n\t\t\t\t<\/div>\n\t\t\t\t<div class=\"elementor-element elementor-element-288894f elementor-align-left elementor-widget elementor-widget-button\" data-id=\"288894f\" data-element_type=\"widget\" data-e-type=\"widget\" data-widget_type=\"button.default\">\n\t\t\t\t<div class=\"elementor-widget-container\">\n\t\t\t\t\t\t\t\t\t<div class=\"elementor-button-wrapper\">\n\t\t\t\t\t<a class=\"elementor-button elementor-button-link elementor-size-md\" href=\"#form\">\n\t\t\t\t\t\t<span class=\"elementor-button-content-wrapper\">\n\t\t\t\t\t\t\t\t\t<span class=\"elementor-button-text\">IR AL FORMULARIO<\/span>\n\t\t\t\t\t<\/span>\n\t\t\t\t\t<\/a>\n\t\t\t\t<\/div>\n\t\t\t\t\t\t\t\t<\/div>\n\t\t\t\t<\/div>\n\t\t\t\t<\/div>\n\t\t<div class=\"elementor-element elementor-element-1055f7da e-con-full e-flex e-con e-child\" data-id=\"1055f7da\" data-element_type=\"container\" data-e-type=\"container\" data-settings=\"{&quot;background_background&quot;:&quot;classic&quot;,&quot;_ha_eqh_enable&quot;:false}\">\n\t\t\t\t<\/div>\n\t\t\t\t\t<\/div>\n\t\t\t\t<\/div>\n\t\t<div class=\"elementor-element elementor-element-68939c6d e-flex e-con-boxed e-con e-parent\" data-id=\"68939c6d\" data-element_type=\"container\" data-e-type=\"container\" id=\"form\" data-settings=\"{&quot;background_background&quot;:&quot;classic&quot;,&quot;_ha_eqh_enable&quot;:false}\">\n\t\t\t\t\t<div class=\"e-con-inner\">\n\t\t<div class=\"elementor-element elementor-element-df25e66 e-con-full e-flex e-con e-child\" data-id=\"df25e66\" data-element_type=\"container\" data-e-type=\"container\" data-settings=\"{&quot;_ha_eqh_enable&quot;:false}\">\n\t\t\t\t<div class=\"elementor-element elementor-element-f0475e8 elementor-widget elementor-widget-image\" data-id=\"f0475e8\" data-element_type=\"widget\" data-e-type=\"widget\" data-widget_type=\"image.default\">\n\t\t\t\t<div class=\"elementor-widget-container\">\n\t\t\t\t\t\t\t\t\t\t\t\t\t\t\t<img fetchpriority=\"high\" decoding=\"async\" width=\"768\" height=\"1024\" src=\"https:\/\/exciting-elbakyan.137-74-93-36.plesk.page\/wp-content\/uploads\/2025\/11\/Sara-y-Patri-768x1024.jpeg\" class=\"attachment-large size-large wp-image-3707\" alt=\"\" srcset=\"https:\/\/exciting-elbakyan.137-74-93-36.plesk.page\/wp-content\/uploads\/2025\/11\/Sara-y-Patri-768x1024.jpeg 768w, https:\/\/exciting-elbakyan.137-74-93-36.plesk.page\/wp-content\/uploads\/2025\/11\/Sara-y-Patri-225x300.jpeg 225w, https:\/\/exciting-elbakyan.137-74-93-36.plesk.page\/wp-content\/uploads\/2025\/11\/Sara-y-Patri-1152x1536.jpeg 1152w, https:\/\/exciting-elbakyan.137-74-93-36.plesk.page\/wp-content\/uploads\/2025\/11\/Sara-y-Patri-9x12.jpeg 9w, https:\/\/exciting-elbakyan.137-74-93-36.plesk.page\/wp-content\/uploads\/2025\/11\/Sara-y-Patri.jpeg 1488w\" sizes=\"(max-width: 768px) 100vw, 768px\" \/>\t\t\t\t\t\t\t\t\t\t\t\t\t\t\t<\/div>\n\t\t\t\t<\/div>\n\t\t\t\t<\/div>\n\t\t<div class=\"elementor-element elementor-element-72332f69 e-con-full e-flex e-con e-child\" data-id=\"72332f69\" data-element_type=\"container\" data-e-type=\"container\" data-settings=\"{&quot;_ha_eqh_enable&quot;:false}\">\n\t\t\t\t<div class=\"elementor-element elementor-element-5c5aaa8 elementor-widget elementor-widget-text-editor\" data-id=\"5c5aaa8\" data-element_type=\"widget\" data-e-type=\"widget\" data-widget_type=\"text-editor.default\">\n\t\t\t\t<div class=\"elementor-widget-container\">\n\t\t\t\t\t\t\t\t\t<p><strong>Elige el motivo de tu consulta y te responderemos lo antes posible.<\/strong><\/p>\t\t\t\t\t\t\t\t<\/div>\n\t\t\t\t<\/div>\n\t\t\t\t<div class=\"elementor-element elementor-element-28ac76ee elementor-button-align-end elementor-widget elementor-widget-form\" data-id=\"28ac76ee\" data-element_type=\"widget\" data-e-type=\"widget\" data-settings=\"{&quot;step_next_label&quot;:&quot;Next&quot;,&quot;step_previous_label&quot;:&quot;Previous&quot;,&quot;button_width&quot;:&quot;100&quot;,&quot;step_type&quot;:&quot;number_text&quot;,&quot;step_icon_shape&quot;:&quot;circle&quot;}\" data-widget_type=\"form.default\">\n\t\t\t\t<div class=\"elementor-widget-container\">\n\t\t\t\t\t\t\t<form class=\"elementor-form\" method=\"post\" name=\"Contact Form\" aria-label=\"Contact Form\">\n\t\t\t<input type=\"hidden\" name=\"post_id\" value=\"950\"\/>\n\t\t\t<input type=\"hidden\" name=\"form_id\" value=\"28ac76ee\"\/>\n\t\t\t<input type=\"hidden\" name=\"referer_title\" value=\"Contacto - Aefat\" \/>\n\n\t\t\t\t\t\t\t<input type=\"hidden\" name=\"queried_id\" value=\"950\"\/>\n\t\t\t\n\t\t\t<div class=\"elementor-form-fields-wrapper elementor-labels-above\">\n\t\t\t\t\t\t\t\t<div class=\"elementor-field-type-text elementor-field-group elementor-column elementor-field-group-name elementor-col-50 elementor-field-required elementor-mark-required\">\n\t\t\t\t\t\t\t\t\t\t\t\t<label for=\"form-field-name\" class=\"elementor-field-label\">\n\t\t\t\t\t\t\t\tNombre completo\t\t\t\t\t\t\t<\/label>\n\t\t\t\t\t\t\t\t\t\t\t\t\t\t<input size=\"1\" type=\"text\" name=\"form_fields[name]\" id=\"form-field-name\" class=\"elementor-field elementor-size-md  elementor-field-textual\" placeholder=\"Nombre completo\" required=\"required\">\n\t\t\t\t\t\t\t\t\t\t\t<\/div>\n\t\t\t\t\t\t\t\t<div class=\"elementor-field-type-email elementor-field-group elementor-column elementor-field-group-email elementor-col-50 elementor-field-required elementor-mark-required\">\n\t\t\t\t\t\t\t\t\t\t\t\t<label for=\"form-field-email\" class=\"elementor-field-label\">\n\t\t\t\t\t\t\t\tCorreo electr\u00f3nico\t\t\t\t\t\t\t<\/label>\n\t\t\t\t\t\t\t\t\t\t\t\t\t\t<input size=\"1\" type=\"email\" name=\"form_fields[email]\" id=\"form-field-email\" class=\"elementor-field elementor-size-md  elementor-field-textual\" placeholder=\"Correo electr\u00f3nico\" required=\"required\">\n\t\t\t\t\t\t\t\t\t\t\t<\/div>\n\t\t\t\t\t\t\t\t<div class=\"elementor-field-type-tel elementor-field-group elementor-column elementor-field-group-field_d4c28c7 elementor-col-50\">\n\t\t\t\t\t\t\t\t\t\t\t\t<label for=\"form-field-field_d4c28c7\" class=\"elementor-field-label\">\n\t\t\t\t\t\t\t\tTel\u00e9fono\t\t\t\t\t\t\t<\/label>\n\t\t\t\t\t\t\t\t<input size=\"1\" type=\"tel\" name=\"form_fields[field_d4c28c7]\" id=\"form-field-field_d4c28c7\" class=\"elementor-field elementor-size-md  elementor-field-textual\" placeholder=\"Tel\u00e9fono\" pattern=\"[0-9()#&amp;+*-=.]+\" title=\"Solo se aceptan n\u00fameros y caracteres de tel\u00e9fono (#,-,*,etc).\">\n\n\t\t\t\t\t\t<\/div>\n\t\t\t\t\t\t\t\t<div class=\"elementor-field-type-select elementor-field-group elementor-column elementor-field-group-field_2a73769 elementor-col-50 elementor-field-required elementor-mark-required\">\n\t\t\t\t\t\t\t\t\t\t\t\t<label for=\"form-field-field_2a73769\" class=\"elementor-field-label\">\n\t\t\t\t\t\t\t\tMotivo de tu consulta \t\t\t\t\t\t\t<\/label>\n\t\t\t\t\t\t\t\t<div class=\"elementor-field elementor-select-wrapper remove-before \">\n\t\t\t<div class=\"select-caret-down-wrapper\">\n\t\t\t\t<svg aria-hidden=\"true\" class=\"e-font-icon-svg e-eicon-caret-down\" viewBox=\"0 0 571.4 571.4\" xmlns=\"http:\/\/www.w3.org\/2000\/svg\"><path d=\"M571 393Q571 407 561 418L311 668Q300 679 286 679T261 668L11 418Q0 407 0 393T11 368 36 357H536Q550 357 561 368T571 393Z\"><\/path><\/svg>\t\t\t<\/div>\n\t\t\t<select name=\"form_fields[field_2a73769]\" id=\"form-field-field_2a73769\" class=\"elementor-field-textual elementor-size-md\" required=\"required\">\n\t\t\t\t\t\t\t\t\t<option value=\"Donaciones y colaboraciones\">Donaciones y colaboraciones<\/option>\n\t\t\t\t\t\t\t\t\t<option value=\"Investigaci\u00f3n y ensayos cl\u00ednicos\">Investigaci\u00f3n y ensayos cl\u00ednicos<\/option>\n\t\t\t\t\t\t\t\t\t<option value=\"Apoyo a familias\">Apoyo a familias<\/option>\n\t\t\t\t\t\t\t\t\t<option value=\"Voluntariado y eventos\">Voluntariado y eventos<\/option>\n\t\t\t\t\t\t\t\t\t<option value=\"Prensa y medios de comunicaci\u00f3n\">Prensa y medios de comunicaci\u00f3n<\/option>\n\t\t\t\t\t\t\t\t\t<option value=\"Cuestiones legales o econ\u00f3micas\">Cuestiones legales o econ\u00f3micas<\/option>\n\t\t\t\t\t\t\t\t\t<option value=\"Otros motivos\">Otros motivos<\/option>\n\t\t\t\t\t\t\t<\/select>\n\t\t<\/div>\n\t\t\t\t\t\t<\/div>\n\t\t\t\t\t\t\t\t<div class=\"elementor-field-type-textarea elementor-field-group elementor-column elementor-field-group-message elementor-col-100 elementor-field-required elementor-mark-required\">\n\t\t\t\t\t\t\t\t\t\t\t\t<label for=\"form-field-message\" class=\"elementor-field-label\">\n\t\t\t\t\t\t\t\tMensaje\t\t\t\t\t\t\t<\/label>\n\t\t\t\t\t\t<textarea class=\"elementor-field-textual elementor-field  elementor-size-md\" name=\"form_fields[message]\" id=\"form-field-message\" rows=\"4\" placeholder=\"Mensaje\" required=\"required\"><\/textarea>\t\t\t\t<\/div>\n\t\t\t\t\t\t\t\t<div class=\"elementor-field-type-acceptance elementor-field-group elementor-column elementor-field-group-field_2876249 elementor-col-100 elementor-field-required elementor-mark-required\">\n\t\t\t\t\t\t\t<div class=\"elementor-field-subgroup\">\n\t\t\t<span class=\"elementor-field-option\">\n\t\t\t\t<input type=\"checkbox\" name=\"form_fields[field_2876249]\" id=\"form-field-field_2876249\" class=\"elementor-field elementor-size-md  elementor-acceptance-field\" required=\"required\">\n\t\t\t\t<label for=\"form-field-field_2876249\">He le\u00eddo y acepto la Pol\u00edtica de Privacidad<\/label>\t\t\t<\/span>\n\t\t<\/div>\n\t\t\t\t\t\t<\/div>\n\t\t\t\t\t\t\t\t<div class=\"elementor-field-group elementor-column elementor-field-type-submit elementor-col-100 e-form__buttons\">\n\t\t\t\t\t<button class=\"elementor-button elementor-size-md\" type=\"submit\">\n\t\t\t\t\t\t<span class=\"elementor-button-content-wrapper\">\n\t\t\t\t\t\t\t\t\t\t\t\t\t\t\t\t\t\t\t\t\t\t<span class=\"elementor-button-text\">ENVIAR \u27f6<\/span>\n\t\t\t\t\t\t\t\t\t\t\t\t\t<\/span>\n\t\t\t\t\t<\/button>\n\t\t\t\t<\/div>\n\t\t\t<\/div>\n\t\t<\/form>\n\t\t\t\t\t\t<\/div>\n\t\t\t\t<\/div>\n\t\t\t\t<\/div>\n\t\t\t\t\t<\/div>\n\t\t\t\t<\/div>\n\t\t\t\t<\/div>\n\t\t","protected":false},"excerpt":{"rendered":"<p>AEFAT Contacta con nosotros AEFAT es el abrazo compartido de las familias que conviven con la Ataxia Telangiectasia. Unidos apoyamos la investigaci\u00f3n, los ensayos cl\u00ednicos, los encuentros y el acompa\u00f1amiento que sostienen a quienes m\u00e1s lo necesitan.\u00a0 Cada paso, cada proyecto, cada gesto nos acerca a una vida con mayor calidad y bienestar, a nuevos [&hellip;]<\/p>\n","protected":false},"author":1,"featured_media":0,"parent":0,"menu_order":0,"comment_status":"closed","ping_status":"closed","template":"elementor_header_footer","meta":{"_acf_changed":false,"footnotes":""},"class_list":["post-950","page","type-page","status-publish","hentry"],"acf":[],"yoast_head":"<!-- This site is optimized with the Yoast SEO plugin v27.2 - https:\/\/yoast.com\/product\/yoast-seo-wordpress\/ -->\n<title>Contacto - Aefat<\/title>\n<meta name=\"description\" content=\"Puedes contactar con nosotros a trav\u00e9s del formulario, escribiendo a info@aefat.es o llamando al +34 651 563 998.\" \/>\n<meta name=\"robots\" content=\"noindex, follow, max-snippet:-1, max-image-preview:large, max-video-preview:-1\" \/>\n<meta property=\"og:locale\" content=\"es_ES\" \/>\n<meta property=\"og:type\" content=\"article\" \/>\n<meta property=\"og:title\" content=\"Contacto - Aefat\" \/>\n<meta property=\"og:description\" content=\"Puedes contactar con nosotros a trav\u00e9s del formulario, escribiendo a info@aefat.es o llamando al +34 651 563 998.\" \/>\n<meta property=\"og:url\" content=\"https:\/\/exciting-elbakyan.137-74-93-36.plesk.page\/index.php\/contacto\/\" \/>\n<meta property=\"og:site_name\" content=\"Aefat\" \/>\n<meta property=\"article:modified_time\" content=\"2026-03-27T11:51:12+00:00\" \/>\n<meta property=\"og:image\" content=\"https:\/\/exciting-elbakyan.137-74-93-36.plesk.page\/wp-content\/uploads\/2025\/11\/Sara-y-Patri-768x1024.jpeg\" \/>\n<meta name=\"twitter:card\" content=\"summary_large_image\" \/>\n<meta name=\"twitter:label1\" content=\"Tiempo de lectura\" \/>\n\t<meta name=\"twitter:data1\" content=\"1 minuto\" \/>\n<script type=\"application\/ld+json\" class=\"yoast-schema-graph\">{\"@context\":\"https:\/\/schema.org\",\"@graph\":[{\"@type\":\"WebPage\",\"@id\":\"https:\/\/exciting-elbakyan.137-74-93-36.plesk.page\/index.php\/contacto\/\",\"url\":\"https:\/\/exciting-elbakyan.137-74-93-36.plesk.page\/index.php\/contacto\/\",\"name\":\"Contacto - Aefat\",\"isPartOf\":{\"@id\":\"https:\/\/exciting-elbakyan.137-74-93-36.plesk.page\/#website\"},\"primaryImageOfPage\":{\"@id\":\"https:\/\/exciting-elbakyan.137-74-93-36.plesk.page\/index.php\/contacto\/#primaryimage\"},\"image\":{\"@id\":\"https:\/\/exciting-elbakyan.137-74-93-36.plesk.page\/index.php\/contacto\/#primaryimage\"},\"thumbnailUrl\":\"https:\/\/exciting-elbakyan.137-74-93-36.plesk.page\/wp-content\/uploads\/2025\/11\/Sara-y-Patri-768x1024.jpeg\",\"datePublished\":\"2024-09-17T13:17:26+00:00\",\"dateModified\":\"2026-03-27T11:51:12+00:00\",\"description\":\"Puedes contactar con nosotros a trav\u00e9s del formulario, escribiendo a info@aefat.es o llamando al +34 651 563 998.\",\"breadcrumb\":{\"@id\":\"https:\/\/exciting-elbakyan.137-74-93-36.plesk.page\/index.php\/contacto\/#breadcrumb\"},\"inLanguage\":\"es\",\"potentialAction\":[{\"@type\":\"ReadAction\",\"target\":[\"https:\/\/exciting-elbakyan.137-74-93-36.plesk.page\/index.php\/contacto\/\"]}]},{\"@type\":\"ImageObject\",\"inLanguage\":\"es\",\"@id\":\"https:\/\/exciting-elbakyan.137-74-93-36.plesk.page\/index.php\/contacto\/#primaryimage\",\"url\":\"https:\/\/exciting-elbakyan.137-74-93-36.plesk.page\/wp-content\/uploads\/2025\/11\/Sara-y-Patri.jpeg\",\"contentUrl\":\"https:\/\/exciting-elbakyan.137-74-93-36.plesk.page\/wp-content\/uploads\/2025\/11\/Sara-y-Patri.jpeg\",\"width\":1488,\"height\":1984},{\"@type\":\"BreadcrumbList\",\"@id\":\"https:\/\/exciting-elbakyan.137-74-93-36.plesk.page\/index.php\/contacto\/#breadcrumb\",\"itemListElement\":[{\"@type\":\"ListItem\",\"position\":1,\"name\":\"Portada\",\"item\":\"https:\/\/exciting-elbakyan.137-74-93-36.plesk.page\/\"},{\"@type\":\"ListItem\",\"position\":2,\"name\":\"Contacto\"}]},{\"@type\":\"WebSite\",\"@id\":\"https:\/\/exciting-elbakyan.137-74-93-36.plesk.page\/#website\",\"url\":\"https:\/\/exciting-elbakyan.137-74-93-36.plesk.page\/\",\"name\":\"Aefat\",\"description\":\"\",\"publisher\":{\"@id\":\"https:\/\/exciting-elbakyan.137-74-93-36.plesk.page\/#organization\"},\"potentialAction\":[{\"@type\":\"SearchAction\",\"target\":{\"@type\":\"EntryPoint\",\"urlTemplate\":\"https:\/\/exciting-elbakyan.137-74-93-36.plesk.page\/?s={search_term_string}\"},\"query-input\":{\"@type\":\"PropertyValueSpecification\",\"valueRequired\":true,\"valueName\":\"search_term_string\"}}],\"inLanguage\":\"es\"},{\"@type\":\"Organization\",\"@id\":\"https:\/\/exciting-elbakyan.137-74-93-36.plesk.page\/#organization\",\"name\":\"Aefat\",\"url\":\"https:\/\/exciting-elbakyan.137-74-93-36.plesk.page\/\",\"logo\":{\"@type\":\"ImageObject\",\"inLanguage\":\"es\",\"@id\":\"https:\/\/exciting-elbakyan.137-74-93-36.plesk.page\/#\/schema\/logo\/image\/\",\"url\":\"https:\/\/exciting-elbakyan.137-74-93-36.plesk.page\/wp-content\/uploads\/2024\/07\/aefat_logo_50.jpg\",\"contentUrl\":\"https:\/\/exciting-elbakyan.137-74-93-36.plesk.page\/wp-content\/uploads\/2024\/07\/aefat_logo_50.jpg\",\"width\":149,\"height\":50,\"caption\":\"Aefat\"},\"image\":{\"@id\":\"https:\/\/exciting-elbakyan.137-74-93-36.plesk.page\/#\/schema\/logo\/image\/\"}}]}<\/script>\n<!-- \/ Yoast SEO plugin. -->","yoast_head_json":{"title":"Contacto - Aefat","description":"Puedes contactar con nosotros a trav\u00e9s del formulario, escribiendo a info@aefat.es o llamando al +34 651 563 998.","robots":{"index":"noindex","follow":"follow","max-snippet":"max-snippet:-1","max-image-preview":"max-image-preview:large","max-video-preview":"max-video-preview:-1"},"og_locale":"es_ES","og_type":"article","og_title":"Contacto - Aefat","og_description":"Puedes contactar con nosotros a trav\u00e9s del formulario, escribiendo a info@aefat.es o llamando al +34 651 563 998.","og_url":"https:\/\/exciting-elbakyan.137-74-93-36.plesk.page\/index.php\/contacto\/","og_site_name":"Aefat","article_modified_time":"2026-03-27T11:51:12+00:00","og_image":[{"url":"https:\/\/exciting-elbakyan.137-74-93-36.plesk.page\/wp-content\/uploads\/2025\/11\/Sara-y-Patri-768x1024.jpeg","type":"","width":"","height":""}],"twitter_card":"summary_large_image","twitter_misc":{"Tiempo de lectura":"1 minuto"},"schema":{"@context":"https:\/\/schema.org","@graph":[{"@type":"WebPage","@id":"https:\/\/exciting-elbakyan.137-74-93-36.plesk.page\/index.php\/contacto\/","url":"https:\/\/exciting-elbakyan.137-74-93-36.plesk.page\/index.php\/contacto\/","name":"Contacto - Aefat","isPartOf":{"@id":"https:\/\/exciting-elbakyan.137-74-93-36.plesk.page\/#website"},"primaryImageOfPage":{"@id":"https:\/\/exciting-elbakyan.137-74-93-36.plesk.page\/index.php\/contacto\/#primaryimage"},"image":{"@id":"https:\/\/exciting-elbakyan.137-74-93-36.plesk.page\/index.php\/contacto\/#primaryimage"},"thumbnailUrl":"https:\/\/exciting-elbakyan.137-74-93-36.plesk.page\/wp-content\/uploads\/2025\/11\/Sara-y-Patri-768x1024.jpeg","datePublished":"2024-09-17T13:17:26+00:00","dateModified":"2026-03-27T11:51:12+00:00","description":"Puedes contactar con nosotros a trav\u00e9s del formulario, escribiendo a info@aefat.es o llamando al +34 651 563 998.","breadcrumb":{"@id":"https:\/\/exciting-elbakyan.137-74-93-36.plesk.page\/index.php\/contacto\/#breadcrumb"},"inLanguage":"es","potentialAction":[{"@type":"ReadAction","target":["https:\/\/exciting-elbakyan.137-74-93-36.plesk.page\/index.php\/contacto\/"]}]},{"@type":"ImageObject","inLanguage":"es","@id":"https:\/\/exciting-elbakyan.137-74-93-36.plesk.page\/index.php\/contacto\/#primaryimage","url":"https:\/\/exciting-elbakyan.137-74-93-36.plesk.page\/wp-content\/uploads\/2025\/11\/Sara-y-Patri.jpeg","contentUrl":"https:\/\/exciting-elbakyan.137-74-93-36.plesk.page\/wp-content\/uploads\/2025\/11\/Sara-y-Patri.jpeg","width":1488,"height":1984},{"@type":"BreadcrumbList","@id":"https:\/\/exciting-elbakyan.137-74-93-36.plesk.page\/index.php\/contacto\/#breadcrumb","itemListElement":[{"@type":"ListItem","position":1,"name":"Portada","item":"https:\/\/exciting-elbakyan.137-74-93-36.plesk.page\/"},{"@type":"ListItem","position":2,"name":"Contacto"}]},{"@type":"WebSite","@id":"https:\/\/exciting-elbakyan.137-74-93-36.plesk.page\/#website","url":"https:\/\/exciting-elbakyan.137-74-93-36.plesk.page\/","name":"Aefat","description":"","publisher":{"@id":"https:\/\/exciting-elbakyan.137-74-93-36.plesk.page\/#organization"},"potentialAction":[{"@type":"SearchAction","target":{"@type":"EntryPoint","urlTemplate":"https:\/\/exciting-elbakyan.137-74-93-36.plesk.page\/?s={search_term_string}"},"query-input":{"@type":"PropertyValueSpecification","valueRequired":true,"valueName":"search_term_string"}}],"inLanguage":"es"},{"@type":"Organization","@id":"https:\/\/exciting-elbakyan.137-74-93-36.plesk.page\/#organization","name":"Aefat","url":"https:\/\/exciting-elbakyan.137-74-93-36.plesk.page\/","logo":{"@type":"ImageObject","inLanguage":"es","@id":"https:\/\/exciting-elbakyan.137-74-93-36.plesk.page\/#\/schema\/logo\/image\/","url":"https:\/\/exciting-elbakyan.137-74-93-36.plesk.page\/wp-content\/uploads\/2024\/07\/aefat_logo_50.jpg","contentUrl":"https:\/\/exciting-elbakyan.137-74-93-36.plesk.page\/wp-content\/uploads\/2024\/07\/aefat_logo_50.jpg","width":149,"height":50,"caption":"Aefat"},"image":{"@id":"https:\/\/exciting-elbakyan.137-74-93-36.plesk.page\/#\/schema\/logo\/image\/"}}]}},"_links":{"self":[{"href":"https:\/\/exciting-elbakyan.137-74-93-36.plesk.page\/index.php\/wp-json\/wp\/v2\/pages\/950","targetHints":{"allow":["GET"]}}],"collection":[{"href":"https:\/\/exciting-elbakyan.137-74-93-36.plesk.page\/index.php\/wp-json\/wp\/v2\/pages"}],"about":[{"href":"https:\/\/exciting-elbakyan.137-74-93-36.plesk.page\/index.php\/wp-json\/wp\/v2\/types\/page"}],"author":[{"embeddable":true,"href":"https:\/\/exciting-elbakyan.137-74-93-36.plesk.page\/index.php\/wp-json\/wp\/v2\/users\/1"}],"replies":[{"embeddable":true,"href":"https:\/\/exciting-elbakyan.137-74-93-36.plesk.page\/index.php\/wp-json\/wp\/v2\/comments?post=950"}],"version-history":[{"count":34,"href":"https:\/\/exciting-elbakyan.137-74-93-36.plesk.page\/index.php\/wp-json\/wp\/v2\/pages\/950\/revisions"}],"predecessor-version":[{"id":6028,"href":"https:\/\/exciting-elbakyan.137-74-93-36.plesk.page\/index.php\/wp-json\/wp\/v2\/pages\/950\/revisions\/6028"}],"wp:attachment":[{"href":"https:\/\/exciting-elbakyan.137-74-93-36.plesk.page\/index.php\/wp-json\/wp\/v2\/media?parent=950"}],"curies":[{"name":"wp","href":"https:\/\/api.w.org\/{rel}","templated":true}]}}